{"id":4849,"date":"2026-01-09T12:50:28","date_gmt":"2026-01-09T15:50:28","guid":{"rendered":"https:\/\/ortopedia.conosur.com.ar\/?page_id=4849"},"modified":"2026-01-09T12:50:28","modified_gmt":"2026-01-09T15:50:28","slug":"request-quote","status":"publish","type":"page","link":"https:\/\/ortopedia.conosur.com.ar\/?page_id=4849","title":{"rendered":"Solicita un presupuesto"},"content":{"rendered":"\n<div class=\"woocommerce ywraq-wrapper ywraq-empty\">\n\t\t\t<div id=\"yith-ywraq-message\"><div class=\"ywraq-question-message\">\n\t<\/div>\n<\/div>\n\t\t\n\t\t\t\t<div class=\"ywraq-form-table-wrapper vertical\">\n\t\t\t<div class=\"ywraq-before-form\">\n\t<p class=\"ywraq_list_empty_message\">Tu lista est\u00e1 vac\u00eda, a\u00f1ade productos a la lista para enviar una solicitud<p><p class=\"return-to-shop\"><a class=\"button wc-backward\" href=\"https:\/\/ortopedia.conosur.com.ar\/?page_id=16\">Volver a la Ortopedia <\/a><\/p><\/div>\n\t\t\t\t\t<\/div>\n\t<\/div>\n\n","protected":false},"excerpt":{"rendered":"","protected":false},"author":1,"featured_media":0,"parent":0,"menu_order":0,"comment_status":"closed","ping_status":"closed","template":"","meta":{"_mi_skip_tracking":false,"_monsterinsights_sitenote_active":false,"_monsterinsights_sitenote_note":"","_monsterinsights_sitenote_category":0,"_joinchat":[],"footnotes":""},"class_list":["post-4849","page","type-page","status-publish","hentry"],"yoast_head":"<!-- This site is optimized with the Yoast SEO plugin v27.3 - https:\/\/yoast.com\/product\/yoast-seo-wordpress\/ -->\n<title>Solicita un presupuesto - Ortopedia Cono Sur<\/title>\n<meta name=\"robots\" content=\"index, follow, max-snippet:-1, max-image-preview:large, max-video-preview:-1\" \/>\n<link rel=\"canonical\" href=\"https:\/\/ortopedia.conosur.com.ar\/?page_id=4849\" \/>\n<meta property=\"og:locale\" content=\"es_ES\" \/>\n<meta property=\"og:type\" content=\"article\" \/>\n<meta property=\"og:title\" content=\"Solicita un presupuesto - Ortopedia Cono Sur\" \/>\n<meta property=\"og:url\" content=\"https:\/\/ortopedia.conosur.com.ar\/?page_id=4849\" \/>\n<meta property=\"og:site_name\" content=\"Ortopedia Cono Sur\" \/>\n<meta property=\"article:publisher\" content=\"https:\/\/www.facebook.com\/profile.php?id=100089096634896&amp;rdid=hpB9U31JxL1B13Dy&amp;share_url=httpswww.facebook.comshare1FLohkroxA#\" \/>\n<meta property=\"og:image\" content=\"https:\/\/ortopedia.conosur.com.ar\/wp-content\/uploads\/2026\/01\/Logos-uocra-yerard-46.png\" \/>\n\t<meta property=\"og:image:width\" content=\"400\" \/>\n\t<meta property=\"og:image:height\" content=\"100\" \/>\n\t<meta property=\"og:image:type\" content=\"image\/png\" \/>\n<meta name=\"twitter:card\" content=\"summary_large_image\" \/>\n<script type=\"application\/ld+json\" class=\"yoast-schema-graph\">{\"@context\":\"https:\\\/\\\/schema.org\",\"@graph\":[{\"@type\":\"WebPage\",\"@id\":\"https:\\\/\\\/ortopedia.conosur.com.ar\\\/?page_id=4849\",\"url\":\"https:\\\/\\\/ortopedia.conosur.com.ar\\\/?page_id=4849\",\"name\":\"Solicita un presupuesto - Ortopedia Cono Sur\",\"isPartOf\":{\"@id\":\"https:\\\/\\\/ortopedia.conosur.com.ar\\\/#website\"},\"datePublished\":\"2026-01-09T15:50:28+00:00\",\"breadcrumb\":{\"@id\":\"https:\\\/\\\/ortopedia.conosur.com.ar\\\/?page_id=4849#breadcrumb\"},\"inLanguage\":\"es\",\"potentialAction\":[{\"@type\":\"ReadAction\",\"target\":[\"https:\\\/\\\/ortopedia.conosur.com.ar\\\/?page_id=4849\"]}]},{\"@type\":\"BreadcrumbList\",\"@id\":\"https:\\\/\\\/ortopedia.conosur.com.ar\\\/?page_id=4849#breadcrumb\",\"itemListElement\":[{\"@type\":\"ListItem\",\"position\":1,\"name\":\"Portada\",\"item\":\"https:\\\/\\\/ortopedia.conosur.com.ar\\\/\"},{\"@type\":\"ListItem\",\"position\":2,\"name\":\"Solicita un presupuesto\"}]},{\"@type\":\"WebSite\",\"@id\":\"https:\\\/\\\/ortopedia.conosur.com.ar\\\/#website\",\"url\":\"https:\\\/\\\/ortopedia.conosur.com.ar\\\/\",\"name\":\"Ortopedia Cono Sur\",\"description\":\"ORTOPEDIA CONO SUR S.A.S.\",\"publisher\":{\"@id\":\"https:\\\/\\\/ortopedia.conosur.com.ar\\\/#organization\"},\"alternateName\":\"Ortopedia Cono Sur\",\"potentialAction\":[{\"@type\":\"SearchAction\",\"target\":{\"@type\":\"EntryPoint\",\"urlTemplate\":\"https:\\\/\\\/ortopedia.conosur.com.ar\\\/?s={search_term_string}\"},\"query-input\":{\"@type\":\"PropertyValueSpecification\",\"valueRequired\":true,\"valueName\":\"search_term_string\"}}],\"inLanguage\":\"es\"},{\"@type\":\"Organization\",\"@id\":\"https:\\\/\\\/ortopedia.conosur.com.ar\\\/#organization\",\"name\":\"Ortopedia Cono Sur\",\"alternateName\":\"Ortopedia Cono Sur\",\"url\":\"https:\\\/\\\/ortopedia.conosur.com.ar\\\/\",\"logo\":{\"@type\":\"ImageObject\",\"inLanguage\":\"es\",\"@id\":\"https:\\\/\\\/ortopedia.conosur.com.ar\\\/#\\\/schema\\\/logo\\\/image\\\/\",\"url\":\"https:\\\/\\\/ortopedia.conosur.com.ar\\\/wp-content\\\/uploads\\\/2026\\\/01\\\/Logos-21.png\",\"contentUrl\":\"https:\\\/\\\/ortopedia.conosur.com.ar\\\/wp-content\\\/uploads\\\/2026\\\/01\\\/Logos-21.png\",\"width\":500,\"height\":500,\"caption\":\"Ortopedia Cono Sur\"},\"image\":{\"@id\":\"https:\\\/\\\/ortopedia.conosur.com.ar\\\/#\\\/schema\\\/logo\\\/image\\\/\"},\"sameAs\":[\"https:\\\/\\\/www.facebook.com\\\/profile.php?id=100089096634896&rdid=hpB9U31JxL1B13Dy&share_url=httpswww.facebook.comshare1FLohkroxA#\",\"https:\\\/\\\/www.instagram.com\\\/cono_sur_ortopedia?igsh=ZWN2ZHIxZnY5Nzdm\"]}]}<\/script>\n<!-- \/ Yoast SEO plugin. -->","yoast_head_json":{"title":"Solicita un presupuesto - Ortopedia Cono Sur","robots":{"index":"index","follow":"follow","max-snippet":"max-snippet:-1","max-image-preview":"max-image-preview:large","max-video-preview":"max-video-preview:-1"},"canonical":"https:\/\/ortopedia.conosur.com.ar\/?page_id=4849","og_locale":"es_ES","og_type":"article","og_title":"Solicita un presupuesto - Ortopedia Cono Sur","og_url":"https:\/\/ortopedia.conosur.com.ar\/?page_id=4849","og_site_name":"Ortopedia Cono Sur","article_publisher":"https:\/\/www.facebook.com\/profile.php?id=100089096634896&rdid=hpB9U31JxL1B13Dy&share_url=httpswww.facebook.comshare1FLohkroxA#","og_image":[{"width":400,"height":100,"url":"https:\/\/ortopedia.conosur.com.ar\/wp-content\/uploads\/2026\/01\/Logos-uocra-yerard-46.png","type":"image\/png"}],"twitter_card":"summary_large_image","schema":{"@context":"https:\/\/schema.org","@graph":[{"@type":"WebPage","@id":"https:\/\/ortopedia.conosur.com.ar\/?page_id=4849","url":"https:\/\/ortopedia.conosur.com.ar\/?page_id=4849","name":"Solicita un presupuesto - Ortopedia Cono Sur","isPartOf":{"@id":"https:\/\/ortopedia.conosur.com.ar\/#website"},"datePublished":"2026-01-09T15:50:28+00:00","breadcrumb":{"@id":"https:\/\/ortopedia.conosur.com.ar\/?page_id=4849#breadcrumb"},"inLanguage":"es","potentialAction":[{"@type":"ReadAction","target":["https:\/\/ortopedia.conosur.com.ar\/?page_id=4849"]}]},{"@type":"BreadcrumbList","@id":"https:\/\/ortopedia.conosur.com.ar\/?page_id=4849#breadcrumb","itemListElement":[{"@type":"ListItem","position":1,"name":"Portada","item":"https:\/\/ortopedia.conosur.com.ar\/"},{"@type":"ListItem","position":2,"name":"Solicita un presupuesto"}]},{"@type":"WebSite","@id":"https:\/\/ortopedia.conosur.com.ar\/#website","url":"https:\/\/ortopedia.conosur.com.ar\/","name":"Ortopedia Cono Sur","description":"ORTOPEDIA CONO SUR S.A.S.","publisher":{"@id":"https:\/\/ortopedia.conosur.com.ar\/#organization"},"alternateName":"Ortopedia Cono Sur","potentialAction":[{"@type":"SearchAction","target":{"@type":"EntryPoint","urlTemplate":"https:\/\/ortopedia.conosur.com.ar\/?s={search_term_string}"},"query-input":{"@type":"PropertyValueSpecification","valueRequired":true,"valueName":"search_term_string"}}],"inLanguage":"es"},{"@type":"Organization","@id":"https:\/\/ortopedia.conosur.com.ar\/#organization","name":"Ortopedia Cono Sur","alternateName":"Ortopedia Cono Sur","url":"https:\/\/ortopedia.conosur.com.ar\/","logo":{"@type":"ImageObject","inLanguage":"es","@id":"https:\/\/ortopedia.conosur.com.ar\/#\/schema\/logo\/image\/","url":"https:\/\/ortopedia.conosur.com.ar\/wp-content\/uploads\/2026\/01\/Logos-21.png","contentUrl":"https:\/\/ortopedia.conosur.com.ar\/wp-content\/uploads\/2026\/01\/Logos-21.png","width":500,"height":500,"caption":"Ortopedia Cono Sur"},"image":{"@id":"https:\/\/ortopedia.conosur.com.ar\/#\/schema\/logo\/image\/"},"sameAs":["https:\/\/www.facebook.com\/profile.php?id=100089096634896&rdid=hpB9U31JxL1B13Dy&share_url=httpswww.facebook.comshare1FLohkroxA#","https:\/\/www.instagram.com\/cono_sur_ortopedia?igsh=ZWN2ZHIxZnY5Nzdm"]}]}},"_links":{"self":[{"href":"https:\/\/ortopedia.conosur.com.ar\/index.php?rest_route=\/wp\/v2\/pages\/4849","targetHints":{"allow":["GET"]}}],"collection":[{"href":"https:\/\/ortopedia.conosur.com.ar\/index.php?rest_route=\/wp\/v2\/pages"}],"about":[{"href":"https:\/\/ortopedia.conosur.com.ar\/index.php?rest_route=\/wp\/v2\/types\/page"}],"author":[{"embeddable":true,"href":"https:\/\/ortopedia.conosur.com.ar\/index.php?rest_route=\/wp\/v2\/users\/1"}],"replies":[{"embeddable":true,"href":"https:\/\/ortopedia.conosur.com.ar\/index.php?rest_route=%2Fwp%2Fv2%2Fcomments&post=4849"}],"version-history":[{"count":0,"href":"https:\/\/ortopedia.conosur.com.ar\/index.php?rest_route=\/wp\/v2\/pages\/4849\/revisions"}],"wp:attachment":[{"href":"https:\/\/ortopedia.conosur.com.ar\/index.php?rest_route=%2Fwp%2Fv2%2Fmedia&parent=4849"}],"curies":[{"name":"wp","href":"https:\/\/api.w.org\/{rel}","templated":true}]}}