{"id":5753,"date":"2026-01-13T17:08:37","date_gmt":"2026-01-13T20:08:37","guid":{"rendered":"https:\/\/ortopedia.conosur.com.ar\/?page_id=5753"},"modified":"2026-01-21T18:12:03","modified_gmt":"2026-01-21T21:12:03","slug":"capacitacion","status":"publish","type":"page","link":"https:\/\/ortopedia.conosur.com.ar\/?page_id=5753","title":{"rendered":"Capacitaci\u00f3n"},"content":{"rendered":"\t\t<div data-elementor-type=\"wp-page\" data-elementor-id=\"5753\" class=\"elementor elementor-5753\" data-elementor-post-type=\"page\">\n\t\t\t\t<div class=\"elementor-element elementor-element-cfb44d9 e-con-full e-flex e-con e-parent\" data-id=\"cfb44d9\" data-element_type=\"container\" data-e-type=\"container\">\n\t\t\t\t<div class=\"elementor-element elementor-element-65d4840 elementor-widget elementor-widget-image\" data-id=\"65d4840\" data-element_type=\"widget\" data-e-type=\"widget\" data-widget_type=\"image.default\">\n\t\t\t\t\t\t\t\t\t\t\t\t\t\t\t<img fetchpriority=\"high\" decoding=\"async\" width=\"840\" height=\"140\" src=\"https:\/\/ortopedia.conosur.com.ar\/wp-content\/uploads\/2026\/01\/Banner-Mas-que-noticias-esquina-11-1024x171.png\" class=\"attachment-large size-large wp-image-5755\" alt=\"\" srcset=\"https:\/\/ortopedia.conosur.com.ar\/wp-content\/uploads\/2026\/01\/Banner-Mas-que-noticias-esquina-11-1024x171.png 1024w, https:\/\/ortopedia.conosur.com.ar\/wp-content\/uploads\/2026\/01\/Banner-Mas-que-noticias-esquina-11-300x50.png 300w, https:\/\/ortopedia.conosur.com.ar\/wp-content\/uploads\/2026\/01\/Banner-Mas-que-noticias-esquina-11-768x128.png 768w, https:\/\/ortopedia.conosur.com.ar\/wp-content\/uploads\/2026\/01\/Banner-Mas-que-noticias-esquina-11-1536x256.png 1536w, https:\/\/ortopedia.conosur.com.ar\/wp-content\/uploads\/2026\/01\/Banner-Mas-que-noticias-esquina-11-2048x341.png 2048w, https:\/\/ortopedia.conosur.com.ar\/wp-content\/uploads\/2026\/01\/Banner-Mas-que-noticias-esquina-11-370x62.png 370w, https:\/\/ortopedia.conosur.com.ar\/wp-content\/uploads\/2026\/01\/Banner-Mas-que-noticias-esquina-11-600x100.png 600w\" sizes=\"(max-width: 840px) 100vw, 840px\" \/>\t\t\t\t\t\t\t\t\t\t\t\t\t\t\t<\/div>\n\t\t\t\t<\/div>\n\t\t<div class=\"elementor-element elementor-element-f2a7b8e e-flex e-con-boxed e-con e-parent\" data-id=\"f2a7b8e\" data-element_type=\"container\" data-e-type=\"container\">\n\t\t\t\t\t<div class=\"e-con-inner\">\n\t\t\t\t<div class=\"elementor-element elementor-element-6874389 elementor-widget elementor-widget-text-editor\" data-id=\"6874389\" data-element_type=\"widget\" data-e-type=\"widget\" data-widget_type=\"text-editor.default\">\n\t\t\t\t\t\t\t\t\t<h3 style=\"text-align: center;\">A trav\u00e9s del v\u00ednculo con la <strong>Fundaci\u00f3n Cono Sur<\/strong><\/h3><h3 style=\"text-align: center;\"><span style=\"text-decoration: underline;\">BRINDAMOS<\/span>:<\/h3>\t\t\t\t\t\t\t\t<\/div>\n\t\t\t\t\t<\/div>\n\t\t\t\t<\/div>\n\t\t<div class=\"elementor-element elementor-element-994b880 e-flex e-con-boxed e-con e-parent\" data-id=\"994b880\" data-element_type=\"container\" data-e-type=\"container\">\n\t\t\t\t\t<div class=\"e-con-inner\">\n\t\t<div class=\"elementor-element elementor-element-8ddbf6f e-con-full e-flex e-con e-child\" data-id=\"8ddbf6f\" data-element_type=\"container\" data-e-type=\"container\">\n\t\t\t\t<div class=\"elementor-element elementor-element-df5c8e3 elementor-widget elementor-widget-text-editor\" data-id=\"df5c8e3\" data-element_type=\"widget\" data-e-type=\"widget\" data-widget_type=\"text-editor.default\">\n\t\t\t\t\t\t\t\t\t<h5 style=\"text-align: center;\"><img decoding=\"async\" class=\"alignnone  wp-image-5759\" src=\"https:\/\/ortopedia.conosur.com.ar\/wp-content\/uploads\/2026\/01\/Titulo-17-300x300.png\" alt=\"\" width=\"150\" height=\"150\" srcset=\"https:\/\/ortopedia.conosur.com.ar\/wp-content\/uploads\/2026\/01\/Titulo-17-300x300.png 300w, https:\/\/ortopedia.conosur.com.ar\/wp-content\/uploads\/2026\/01\/Titulo-17-150x150.png 150w, https:\/\/ortopedia.conosur.com.ar\/wp-content\/uploads\/2026\/01\/Titulo-17-768x768.png 768w, https:\/\/ortopedia.conosur.com.ar\/wp-content\/uploads\/2026\/01\/Titulo-17-370x370.png 370w, https:\/\/ortopedia.conosur.com.ar\/wp-content\/uploads\/2026\/01\/Titulo-17-600x600.png 600w, https:\/\/ortopedia.conosur.com.ar\/wp-content\/uploads\/2026\/01\/Titulo-17-100x100.png 100w, https:\/\/ortopedia.conosur.com.ar\/wp-content\/uploads\/2026\/01\/Titulo-17.png 1024w\" sizes=\"(max-width: 150px) 100vw, 150px\" \/><\/h5><h5 style=\"text-align: center;\">Capacitaciones espec\u00edficas para trabajadores de la salud.<\/h5>\t\t\t\t\t\t\t\t<\/div>\n\t\t\t\t<\/div>\n\t\t<div class=\"elementor-element elementor-element-6e9498d e-con-full e-flex e-con e-child\" data-id=\"6e9498d\" data-element_type=\"container\" data-e-type=\"container\">\n\t\t\t\t<div class=\"elementor-element elementor-element-2c7e57b elementor-widget elementor-widget-text-editor\" data-id=\"2c7e57b\" data-element_type=\"widget\" data-e-type=\"widget\" data-widget_type=\"text-editor.default\">\n\t\t\t\t\t\t\t\t\t<h5 style=\"text-align: center;\"><img decoding=\"async\" class=\"alignnone  wp-image-5800\" src=\"https:\/\/ortopedia.conosur.com.ar\/wp-content\/uploads\/2026\/01\/Titulo-18-300x300.png\" alt=\"\" width=\"150\" height=\"150\" srcset=\"https:\/\/ortopedia.conosur.com.ar\/wp-content\/uploads\/2026\/01\/Titulo-18-300x300.png 300w, https:\/\/ortopedia.conosur.com.ar\/wp-content\/uploads\/2026\/01\/Titulo-18-150x150.png 150w, https:\/\/ortopedia.conosur.com.ar\/wp-content\/uploads\/2026\/01\/Titulo-18-768x768.png 768w, https:\/\/ortopedia.conosur.com.ar\/wp-content\/uploads\/2026\/01\/Titulo-18-370x370.png 370w, https:\/\/ortopedia.conosur.com.ar\/wp-content\/uploads\/2026\/01\/Titulo-18-600x600.png 600w, https:\/\/ortopedia.conosur.com.ar\/wp-content\/uploads\/2026\/01\/Titulo-18-100x100.png 100w, https:\/\/ortopedia.conosur.com.ar\/wp-content\/uploads\/2026\/01\/Titulo-18.png 1024w\" sizes=\"(max-width: 150px) 100vw, 150px\" \/><\/h5><h5 style=\"text-align: center;\"><span style=\"color: #000000;\"><strong>Formaci\u00f3n para estudiantes de carreras afines a la salud.<\/strong><\/span><\/h5>\t\t\t\t\t\t\t\t<\/div>\n\t\t\t\t<\/div>\n\t\t<div class=\"elementor-element elementor-element-3db81c3 e-con-full e-flex e-con e-child\" data-id=\"3db81c3\" data-element_type=\"container\" data-e-type=\"container\">\n\t\t\t\t<div class=\"elementor-element elementor-element-f9a2951 elementor-widget elementor-widget-text-editor\" data-id=\"f9a2951\" data-element_type=\"widget\" data-e-type=\"widget\" data-widget_type=\"text-editor.default\">\n\t\t\t\t\t\t\t\t\t<h5 style=\"text-align: center;\"><img loading=\"lazy\" decoding=\"async\" class=\"alignnone  wp-image-5772\" src=\"https:\/\/ortopedia.conosur.com.ar\/wp-content\/uploads\/2026\/01\/Titulo-19-300x300.png\" alt=\"\" width=\"150\" height=\"150\" srcset=\"https:\/\/ortopedia.conosur.com.ar\/wp-content\/uploads\/2026\/01\/Titulo-19-300x300.png 300w, https:\/\/ortopedia.conosur.com.ar\/wp-content\/uploads\/2026\/01\/Titulo-19-150x150.png 150w, https:\/\/ortopedia.conosur.com.ar\/wp-content\/uploads\/2026\/01\/Titulo-19-768x768.png 768w, https:\/\/ortopedia.conosur.com.ar\/wp-content\/uploads\/2026\/01\/Titulo-19-370x370.png 370w, https:\/\/ortopedia.conosur.com.ar\/wp-content\/uploads\/2026\/01\/Titulo-19-600x600.png 600w, https:\/\/ortopedia.conosur.com.ar\/wp-content\/uploads\/2026\/01\/Titulo-19-100x100.png 100w, https:\/\/ortopedia.conosur.com.ar\/wp-content\/uploads\/2026\/01\/Titulo-19.png 1024w\" sizes=\"(max-width: 150px) 100vw, 150px\" \/><\/h5><h5 style=\"text-align: center;\">Actualizaci\u00f3n t\u00e9cnica y profesional continua<\/h5>\t\t\t\t\t\t\t\t<\/div>\n\t\t\t\t<\/div>\n\t\t\t\t\t<\/div>\n\t\t\t\t<\/div>\n\t\t<div class=\"elementor-element elementor-element-1f5f84b e-flex e-con-boxed e-con e-parent\" data-id=\"1f5f84b\" data-element_type=\"container\" data-e-type=\"container\">\n\t\t\t\t\t<div class=\"e-con-inner\">\n\t\t<div class=\"elementor-element elementor-element-d9b4420 e-con-full e-flex e-con e-child\" data-id=\"d9b4420\" data-element_type=\"container\" data-e-type=\"container\">\n\t\t\t\t<div class=\"elementor-element elementor-element-36fd034 elementor-widget elementor-widget-image\" data-id=\"36fd034\" data-element_type=\"widget\" data-e-type=\"widget\" data-widget_type=\"image.default\">\n\t\t\t\t\t\t\t\t\t\t\t\t\t\t\t<img loading=\"lazy\" decoding=\"async\" width=\"300\" height=\"300\" src=\"https:\/\/ortopedia.conosur.com.ar\/wp-content\/uploads\/2026\/01\/Titulo-21-300x300.png\" class=\"attachment-medium size-medium wp-image-5778\" alt=\"\" srcset=\"https:\/\/ortopedia.conosur.com.ar\/wp-content\/uploads\/2026\/01\/Titulo-21-300x300.png 300w, https:\/\/ortopedia.conosur.com.ar\/wp-content\/uploads\/2026\/01\/Titulo-21-150x150.png 150w, https:\/\/ortopedia.conosur.com.ar\/wp-content\/uploads\/2026\/01\/Titulo-21-768x768.png 768w, https:\/\/ortopedia.conosur.com.ar\/wp-content\/uploads\/2026\/01\/Titulo-21-370x370.png 370w, https:\/\/ortopedia.conosur.com.ar\/wp-content\/uploads\/2026\/01\/Titulo-21-600x600.png 600w, https:\/\/ortopedia.conosur.com.ar\/wp-content\/uploads\/2026\/01\/Titulo-21-100x100.png 100w, https:\/\/ortopedia.conosur.com.ar\/wp-content\/uploads\/2026\/01\/Titulo-21.png 1024w\" sizes=\"(max-width: 300px) 100vw, 300px\" \/>\t\t\t\t\t\t\t\t\t\t\t\t\t\t\t<\/div>\n\t\t\t\t<\/div>\n\t\t<div class=\"elementor-element elementor-element-c4758e0 e-con-full e-flex e-con e-child\" data-id=\"c4758e0\" data-element_type=\"container\" data-e-type=\"container\">\n\t\t\t\t<div class=\"elementor-element elementor-element-e70bb1e elementor-widget elementor-widget-text-editor\" data-id=\"e70bb1e\" data-element_type=\"widget\" data-e-type=\"widget\" data-widget_type=\"text-editor.default\">\n\t\t\t\t\t\t\t\t\t<h3>Creemos que la educaci\u00f3n es un pilar fundamental para mejorar la atenci\u00f3n en salud.<\/h3>\t\t\t\t\t\t\t\t<\/div>\n\t\t\t\t<div class=\"elementor-element elementor-element-5968503 elementor-align-right elementor-widget elementor-widget-button\" data-id=\"5968503\" data-element_type=\"widget\" data-e-type=\"widget\" data-widget_type=\"button.default\">\n\t\t\t\t\t\t\t\t\t\t<a class=\"elementor-button elementor-button-link elementor-size-sm\" href=\"https:\/\/conosur.com.ar\/\">\n\t\t\t\t\t\t<span class=\"elementor-button-content-wrapper\">\n\t\t\t\t\t\t\t\t\t<span class=\"elementor-button-text\">Ingresar a la Fundaci\u00f3n <\/span>\n\t\t\t\t\t<\/span>\n\t\t\t\t\t<\/a>\n\t\t\t\t\t\t\t\t<\/div>\n\t\t\t\t<\/div>\n\t\t\t\t\t<\/div>\n\t\t\t\t<\/div>\n\t\t<div class=\"elementor-element elementor-element-8409d9c e-flex e-con-boxed e-con e-parent\" data-id=\"8409d9c\" data-element_type=\"container\" data-e-type=\"container\">\n\t\t\t\t\t<div class=\"e-con-inner\">\n\t\t\t\t<div class=\"elementor-element elementor-element-f122e2a elementor-hidden-mobile elementor-widget-divider--view-line elementor-widget elementor-widget-divider\" data-id=\"f122e2a\" data-element_type=\"widget\" data-e-type=\"widget\" data-widget_type=\"divider.default\">\n\t\t\t\t\t\t\t<div class=\"elementor-divider\">\n\t\t\t<span class=\"elementor-divider-separator\">\n\t\t\t\t\t\t<\/span>\n\t\t<\/div>\n\t\t\t\t\t\t<\/div>\n\t\t\t\t\t<\/div>\n\t\t\t\t<\/div>\n\t\t<div class=\"elementor-element elementor-element-d01cdd6 e-flex e-con-boxed e-con e-parent\" data-id=\"d01cdd6\" data-element_type=\"container\" data-e-type=\"container\" data-settings=\"{&quot;background_background&quot;:&quot;classic&quot;}\">\n\t\t\t\t\t<div class=\"e-con-inner\">\n\t\t\t\t<div class=\"elementor-element elementor-element-83b9edf elementor-widget elementor-widget-text-editor\" data-id=\"83b9edf\" data-element_type=\"widget\" data-e-type=\"widget\" data-widget_type=\"text-editor.default\">\n\t\t\t\t\t\t\t\t\t<p style=\"text-align: center;\">S\u00edguenos en nuestras redes<\/p>\t\t\t\t\t\t\t\t<\/div>\n\t\t\t\t<div class=\"elementor-element elementor-element-9cb91a3 elementor-shape-rounded elementor-grid-0 e-grid-align-center elementor-widget elementor-widget-social-icons\" data-id=\"9cb91a3\" data-element_type=\"widget\" data-e-type=\"widget\" data-widget_type=\"social-icons.default\">\n\t\t\t\t\t\t\t<div class=\"elementor-social-icons-wrapper elementor-grid\" role=\"list\">\n\t\t\t\t\t\t\t<span class=\"elementor-grid-item\" role=\"listitem\">\n\t\t\t\t\t<a class=\"elementor-icon elementor-social-icon elementor-social-icon-facebook elementor-repeater-item-627a8f0\" href=\"https:\/\/www.facebook.com\/share\/1FLohkroxA\/\" target=\"_blank\">\n\t\t\t\t\t\t<span class=\"elementor-screen-only\">Facebook<\/span>\n\t\t\t\t\t\t<svg aria-hidden=\"true\" class=\"e-font-icon-svg e-fab-facebook\" viewBox=\"0 0 512 512\" xmlns=\"http:\/\/www.w3.org\/2000\/svg\"><path d=\"M504 256C504 119 393 8 256 8S8 119 8 256c0 123.78 90.69 226.38 209.25 245V327.69h-63V256h63v-54.64c0-62.15 37-96.48 93.67-96.48 27.14 0 55.52 4.84 55.52 4.84v61h-31.28c-30.8 0-40.41 19.12-40.41 38.73V256h68.78l-11 71.69h-57.78V501C413.31 482.38 504 379.78 504 256z\"><\/path><\/svg>\t\t\t\t\t<\/a>\n\t\t\t\t<\/span>\n\t\t\t\t\t\t\t<span class=\"elementor-grid-item\" role=\"listitem\">\n\t\t\t\t\t<a class=\"elementor-icon elementor-social-icon elementor-social-icon-instagram elementor-repeater-item-65fbb8c\" href=\"https:\/\/www.instagram.com\/cono_sur_ortopedia?igsh=ZWN2ZHIxZnY5Nzdm\" target=\"_blank\">\n\t\t\t\t\t\t<span class=\"elementor-screen-only\">Instagram<\/span>\n\t\t\t\t\t\t<svg aria-hidden=\"true\" class=\"e-font-icon-svg e-fab-instagram\" viewBox=\"0 0 448 512\" xmlns=\"http:\/\/www.w3.org\/2000\/svg\"><path d=\"M224.1 141c-63.6 0-114.9 51.3-114.9 114.9s51.3 114.9 114.9 114.9S339 319.5 339 255.9 287.7 141 224.1 141zm0 189.6c-41.1 0-74.7-33.5-74.7-74.7s33.5-74.7 74.7-74.7 74.7 33.5 74.7 74.7-33.6 74.7-74.7 74.7zm146.4-194.3c0 14.9-12 26.8-26.8 26.8-14.9 0-26.8-12-26.8-26.8s12-26.8 26.8-26.8 26.8 12 26.8 26.8zm76.1 27.2c-1.7-35.9-9.9-67.7-36.2-93.9-26.2-26.2-58-34.4-93.9-36.2-37-2.1-147.9-2.1-184.9 0-35.8 1.7-67.6 9.9-93.9 36.1s-34.4 58-36.2 93.9c-2.1 37-2.1 147.9 0 184.9 1.7 35.9 9.9 67.7 36.2 93.9s58 34.4 93.9 36.2c37 2.1 147.9 2.1 184.9 0 35.9-1.7 67.7-9.9 93.9-36.2 26.2-26.2 34.4-58 36.2-93.9 2.1-37 2.1-147.8 0-184.8zM398.8 388c-7.8 19.6-22.9 34.7-42.6 42.6-29.5 11.7-99.5 9-132.1 9s-102.7 2.6-132.1-9c-19.6-7.8-34.7-22.9-42.6-42.6-11.7-29.5-9-99.5-9-132.1s-2.6-102.7 9-132.1c7.8-19.6 22.9-34.7 42.6-42.6 29.5-11.7 99.5-9 132.1-9s102.7-2.6 132.1 9c19.6 7.8 34.7 22.9 42.6 42.6 11.7 29.5 9 99.5 9 132.1s2.7 102.7-9 132.1z\"><\/path><\/svg>\t\t\t\t\t<\/a>\n\t\t\t\t<\/span>\n\t\t\t\t\t<\/div>\n\t\t\t\t\t\t<\/div>\n\t\t\t\t\t<\/div>\n\t\t\t\t<\/div>\n\t\t\t\t<\/div>\n\t\t","protected":false},"excerpt":{"rendered":"<p>A trav\u00e9s del v\u00ednculo con la Fundaci\u00f3n Cono Sur BRINDAMOS: Capacitaciones espec\u00edficas para trabajadores de la salud. Formaci\u00f3n para estudiantes de carreras afines a la salud. Actualizaci\u00f3n t\u00e9cnica y profesional continua Creemos que la educaci\u00f3n es un pilar fundamental para mejorar la atenci\u00f3n en salud. Ingresar a la Fundaci\u00f3n S\u00edguenos en nuestras redes Facebook Instagram<\/p>\n","protected":false},"author":1,"featured_media":0,"parent":0,"menu_order":0,"comment_status":"closed","ping_status":"closed","template":"template-full-width.php","meta":{"_mi_skip_tracking":false,"_monsterinsights_sitenote_active":false,"_monsterinsights_sitenote_note":"","_monsterinsights_sitenote_category":0,"_joinchat":[],"footnotes":""},"class_list":["post-5753","page","type-page","status-publish","hentry"],"yoast_head":"<!-- This site is optimized with the Yoast SEO plugin v27.3 - https:\/\/yoast.com\/product\/yoast-seo-wordpress\/ -->\n<title>Capacitaci\u00f3n - Ortopedia Cono Sur<\/title>\n<meta name=\"robots\" content=\"index, follow, max-snippet:-1, max-image-preview:large, max-video-preview:-1\" \/>\n<link rel=\"canonical\" href=\"https:\/\/ortopedia.conosur.com.ar\/?page_id=5753\" \/>\n<meta property=\"og:locale\" content=\"es_ES\" \/>\n<meta property=\"og:type\" content=\"article\" \/>\n<meta property=\"og:title\" content=\"Capacitaci\u00f3n - Ortopedia Cono Sur\" \/>\n<meta property=\"og:description\" content=\"A trav\u00e9s del v\u00ednculo con la Fundaci\u00f3n Cono Sur BRINDAMOS: Capacitaciones espec\u00edficas para trabajadores de la salud. Formaci\u00f3n para estudiantes de carreras afines a la salud. Actualizaci\u00f3n t\u00e9cnica y profesional continua Creemos que la educaci\u00f3n es un pilar fundamental para mejorar la atenci\u00f3n en salud. Ingresar a la Fundaci\u00f3n S\u00edguenos en nuestras redes Facebook Instagram\" \/>\n<meta property=\"og:url\" content=\"https:\/\/ortopedia.conosur.com.ar\/?page_id=5753\" \/>\n<meta property=\"og:site_name\" content=\"Ortopedia Cono Sur\" \/>\n<meta property=\"article:publisher\" content=\"https:\/\/www.facebook.com\/profile.php?id=100089096634896&amp;rdid=hpB9U31JxL1B13Dy&amp;share_url=httpswww.facebook.comshare1FLohkroxA#\" \/>\n<meta property=\"article:modified_time\" content=\"2026-01-21T21:12:03+00:00\" \/>\n<meta property=\"og:image\" content=\"https:\/\/ortopedia.conosur.com.ar\/wp-content\/uploads\/2026\/01\/Banner-Mas-que-noticias-esquina-11-scaled.png\" \/>\n\t<meta property=\"og:image:width\" content=\"2560\" \/>\n\t<meta property=\"og:image:height\" content=\"427\" \/>\n\t<meta property=\"og:image:type\" content=\"image\/png\" \/>\n<meta name=\"twitter:card\" content=\"summary_large_image\" \/>\n<meta name=\"twitter:label1\" content=\"Tiempo de lectura\" \/>\n\t<meta name=\"twitter:data1\" content=\"1 minuto\" \/>\n<script type=\"application\/ld+json\" class=\"yoast-schema-graph\">{\"@context\":\"https:\\\/\\\/schema.org\",\"@graph\":[{\"@type\":\"WebPage\",\"@id\":\"https:\\\/\\\/ortopedia.conosur.com.ar\\\/?page_id=5753\",\"url\":\"https:\\\/\\\/ortopedia.conosur.com.ar\\\/?page_id=5753\",\"name\":\"Capacitaci\u00f3n - Ortopedia Cono Sur\",\"isPartOf\":{\"@id\":\"https:\\\/\\\/ortopedia.conosur.com.ar\\\/#website\"},\"primaryImageOfPage\":{\"@id\":\"https:\\\/\\\/ortopedia.conosur.com.ar\\\/?page_id=5753#primaryimage\"},\"image\":{\"@id\":\"https:\\\/\\\/ortopedia.conosur.com.ar\\\/?page_id=5753#primaryimage\"},\"thumbnailUrl\":\"https:\\\/\\\/ortopedia.conosur.com.ar\\\/wp-content\\\/uploads\\\/2026\\\/01\\\/Banner-Mas-que-noticias-esquina-11-1024x171.png\",\"datePublished\":\"2026-01-13T20:08:37+00:00\",\"dateModified\":\"2026-01-21T21:12:03+00:00\",\"breadcrumb\":{\"@id\":\"https:\\\/\\\/ortopedia.conosur.com.ar\\\/?page_id=5753#breadcrumb\"},\"inLanguage\":\"es\",\"potentialAction\":[{\"@type\":\"ReadAction\",\"target\":[\"https:\\\/\\\/ortopedia.conosur.com.ar\\\/?page_id=5753\"]}]},{\"@type\":\"ImageObject\",\"inLanguage\":\"es\",\"@id\":\"https:\\\/\\\/ortopedia.conosur.com.ar\\\/?page_id=5753#primaryimage\",\"url\":\"https:\\\/\\\/ortopedia.conosur.com.ar\\\/wp-content\\\/uploads\\\/2026\\\/01\\\/Banner-Mas-que-noticias-esquina-11-scaled.png\",\"contentUrl\":\"https:\\\/\\\/ortopedia.conosur.com.ar\\\/wp-content\\\/uploads\\\/2026\\\/01\\\/Banner-Mas-que-noticias-esquina-11-scaled.png\",\"width\":2560,\"height\":427},{\"@type\":\"BreadcrumbList\",\"@id\":\"https:\\\/\\\/ortopedia.conosur.com.ar\\\/?page_id=5753#breadcrumb\",\"itemListElement\":[{\"@type\":\"ListItem\",\"position\":1,\"name\":\"Portada\",\"item\":\"https:\\\/\\\/ortopedia.conosur.com.ar\\\/\"},{\"@type\":\"ListItem\",\"position\":2,\"name\":\"Capacitaci\u00f3n\"}]},{\"@type\":\"WebSite\",\"@id\":\"https:\\\/\\\/ortopedia.conosur.com.ar\\\/#website\",\"url\":\"https:\\\/\\\/ortopedia.conosur.com.ar\\\/\",\"name\":\"Ortopedia Cono Sur\",\"description\":\"ORTOPEDIA CONO SUR S.A.S.\",\"publisher\":{\"@id\":\"https:\\\/\\\/ortopedia.conosur.com.ar\\\/#organization\"},\"alternateName\":\"Ortopedia Cono Sur\",\"potentialAction\":[{\"@type\":\"SearchAction\",\"target\":{\"@type\":\"EntryPoint\",\"urlTemplate\":\"https:\\\/\\\/ortopedia.conosur.com.ar\\\/?s={search_term_string}\"},\"query-input\":{\"@type\":\"PropertyValueSpecification\",\"valueRequired\":true,\"valueName\":\"search_term_string\"}}],\"inLanguage\":\"es\"},{\"@type\":\"Organization\",\"@id\":\"https:\\\/\\\/ortopedia.conosur.com.ar\\\/#organization\",\"name\":\"Ortopedia Cono Sur\",\"alternateName\":\"Ortopedia Cono Sur\",\"url\":\"https:\\\/\\\/ortopedia.conosur.com.ar\\\/\",\"logo\":{\"@type\":\"ImageObject\",\"inLanguage\":\"es\",\"@id\":\"https:\\\/\\\/ortopedia.conosur.com.ar\\\/#\\\/schema\\\/logo\\\/image\\\/\",\"url\":\"https:\\\/\\\/ortopedia.conosur.com.ar\\\/wp-content\\\/uploads\\\/2026\\\/01\\\/Logos-21.png\",\"contentUrl\":\"https:\\\/\\\/ortopedia.conosur.com.ar\\\/wp-content\\\/uploads\\\/2026\\\/01\\\/Logos-21.png\",\"width\":500,\"height\":500,\"caption\":\"Ortopedia Cono Sur\"},\"image\":{\"@id\":\"https:\\\/\\\/ortopedia.conosur.com.ar\\\/#\\\/schema\\\/logo\\\/image\\\/\"},\"sameAs\":[\"https:\\\/\\\/www.facebook.com\\\/profile.php?id=100089096634896&rdid=hpB9U31JxL1B13Dy&share_url=httpswww.facebook.comshare1FLohkroxA#\",\"https:\\\/\\\/www.instagram.com\\\/cono_sur_ortopedia?igsh=ZWN2ZHIxZnY5Nzdm\"]}]}<\/script>\n<!-- \/ Yoast SEO plugin. -->","yoast_head_json":{"title":"Capacitaci\u00f3n - Ortopedia Cono Sur","robots":{"index":"index","follow":"follow","max-snippet":"max-snippet:-1","max-image-preview":"max-image-preview:large","max-video-preview":"max-video-preview:-1"},"canonical":"https:\/\/ortopedia.conosur.com.ar\/?page_id=5753","og_locale":"es_ES","og_type":"article","og_title":"Capacitaci\u00f3n - Ortopedia Cono Sur","og_description":"A trav\u00e9s del v\u00ednculo con la Fundaci\u00f3n Cono Sur BRINDAMOS: Capacitaciones espec\u00edficas para trabajadores de la salud. Formaci\u00f3n para estudiantes de carreras afines a la salud. Actualizaci\u00f3n t\u00e9cnica y profesional continua Creemos que la educaci\u00f3n es un pilar fundamental para mejorar la atenci\u00f3n en salud. Ingresar a la Fundaci\u00f3n S\u00edguenos en nuestras redes Facebook Instagram","og_url":"https:\/\/ortopedia.conosur.com.ar\/?page_id=5753","og_site_name":"Ortopedia Cono Sur","article_publisher":"https:\/\/www.facebook.com\/profile.php?id=100089096634896&rdid=hpB9U31JxL1B13Dy&share_url=httpswww.facebook.comshare1FLohkroxA#","article_modified_time":"2026-01-21T21:12:03+00:00","og_image":[{"width":2560,"height":427,"url":"https:\/\/ortopedia.conosur.com.ar\/wp-content\/uploads\/2026\/01\/Banner-Mas-que-noticias-esquina-11-scaled.png","type":"image\/png"}],"twitter_card":"summary_large_image","twitter_misc":{"Tiempo de lectura":"1 minuto"},"schema":{"@context":"https:\/\/schema.org","@graph":[{"@type":"WebPage","@id":"https:\/\/ortopedia.conosur.com.ar\/?page_id=5753","url":"https:\/\/ortopedia.conosur.com.ar\/?page_id=5753","name":"Capacitaci\u00f3n - Ortopedia Cono Sur","isPartOf":{"@id":"https:\/\/ortopedia.conosur.com.ar\/#website"},"primaryImageOfPage":{"@id":"https:\/\/ortopedia.conosur.com.ar\/?page_id=5753#primaryimage"},"image":{"@id":"https:\/\/ortopedia.conosur.com.ar\/?page_id=5753#primaryimage"},"thumbnailUrl":"https:\/\/ortopedia.conosur.com.ar\/wp-content\/uploads\/2026\/01\/Banner-Mas-que-noticias-esquina-11-1024x171.png","datePublished":"2026-01-13T20:08:37+00:00","dateModified":"2026-01-21T21:12:03+00:00","breadcrumb":{"@id":"https:\/\/ortopedia.conosur.com.ar\/?page_id=5753#breadcrumb"},"inLanguage":"es","potentialAction":[{"@type":"ReadAction","target":["https:\/\/ortopedia.conosur.com.ar\/?page_id=5753"]}]},{"@type":"ImageObject","inLanguage":"es","@id":"https:\/\/ortopedia.conosur.com.ar\/?page_id=5753#primaryimage","url":"https:\/\/ortopedia.conosur.com.ar\/wp-content\/uploads\/2026\/01\/Banner-Mas-que-noticias-esquina-11-scaled.png","contentUrl":"https:\/\/ortopedia.conosur.com.ar\/wp-content\/uploads\/2026\/01\/Banner-Mas-que-noticias-esquina-11-scaled.png","width":2560,"height":427},{"@type":"BreadcrumbList","@id":"https:\/\/ortopedia.conosur.com.ar\/?page_id=5753#breadcrumb","itemListElement":[{"@type":"ListItem","position":1,"name":"Portada","item":"https:\/\/ortopedia.conosur.com.ar\/"},{"@type":"ListItem","position":2,"name":"Capacitaci\u00f3n"}]},{"@type":"WebSite","@id":"https:\/\/ortopedia.conosur.com.ar\/#website","url":"https:\/\/ortopedia.conosur.com.ar\/","name":"Ortopedia Cono Sur","description":"ORTOPEDIA CONO SUR S.A.S.","publisher":{"@id":"https:\/\/ortopedia.conosur.com.ar\/#organization"},"alternateName":"Ortopedia Cono Sur","potentialAction":[{"@type":"SearchAction","target":{"@type":"EntryPoint","urlTemplate":"https:\/\/ortopedia.conosur.com.ar\/?s={search_term_string}"},"query-input":{"@type":"PropertyValueSpecification","valueRequired":true,"valueName":"search_term_string"}}],"inLanguage":"es"},{"@type":"Organization","@id":"https:\/\/ortopedia.conosur.com.ar\/#organization","name":"Ortopedia Cono Sur","alternateName":"Ortopedia Cono Sur","url":"https:\/\/ortopedia.conosur.com.ar\/","logo":{"@type":"ImageObject","inLanguage":"es","@id":"https:\/\/ortopedia.conosur.com.ar\/#\/schema\/logo\/image\/","url":"https:\/\/ortopedia.conosur.com.ar\/wp-content\/uploads\/2026\/01\/Logos-21.png","contentUrl":"https:\/\/ortopedia.conosur.com.ar\/wp-content\/uploads\/2026\/01\/Logos-21.png","width":500,"height":500,"caption":"Ortopedia Cono Sur"},"image":{"@id":"https:\/\/ortopedia.conosur.com.ar\/#\/schema\/logo\/image\/"},"sameAs":["https:\/\/www.facebook.com\/profile.php?id=100089096634896&rdid=hpB9U31JxL1B13Dy&share_url=httpswww.facebook.comshare1FLohkroxA#","https:\/\/www.instagram.com\/cono_sur_ortopedia?igsh=ZWN2ZHIxZnY5Nzdm"]}]}},"_links":{"self":[{"href":"https:\/\/ortopedia.conosur.com.ar\/index.php?rest_route=\/wp\/v2\/pages\/5753","targetHints":{"allow":["GET"]}}],"collection":[{"href":"https:\/\/ortopedia.conosur.com.ar\/index.php?rest_route=\/wp\/v2\/pages"}],"about":[{"href":"https:\/\/ortopedia.conosur.com.ar\/index.php?rest_route=\/wp\/v2\/types\/page"}],"author":[{"embeddable":true,"href":"https:\/\/ortopedia.conosur.com.ar\/index.php?rest_route=\/wp\/v2\/users\/1"}],"replies":[{"embeddable":true,"href":"https:\/\/ortopedia.conosur.com.ar\/index.php?rest_route=%2Fwp%2Fv2%2Fcomments&post=5753"}],"version-history":[{"count":5,"href":"https:\/\/ortopedia.conosur.com.ar\/index.php?rest_route=\/wp\/v2\/pages\/5753\/revisions"}],"predecessor-version":[{"id":6591,"href":"https:\/\/ortopedia.conosur.com.ar\/index.php?rest_route=\/wp\/v2\/pages\/5753\/revisions\/6591"}],"wp:attachment":[{"href":"https:\/\/ortopedia.conosur.com.ar\/index.php?rest_route=%2Fwp%2Fv2%2Fmedia&parent=5753"}],"curies":[{"name":"wp","href":"https:\/\/api.w.org\/{rel}","templated":true}]}}