{"id":5143,"date":"2026-01-10T10:11:33","date_gmt":"2026-01-10T13:11:33","guid":{"rendered":"https:\/\/ortopedia.conosur.com.ar\/?post_type=product&#038;p=5143"},"modified":"2026-01-10T10:11:33","modified_gmt":"2026-01-10T13:11:33","slug":"parche-hidrocoloide-coloplast-331100-331150-y-331200","status":"publish","type":"product","link":"https:\/\/ortopedia.conosur.com.ar\/?product=parche-hidrocoloide-coloplast-331100-331150-y-331200","title":{"rendered":"PARCHE HIDROCOLOIDE COLOPLAST #331100, #331150 Y #331200"},"content":{"rendered":"","protected":false},"excerpt":{"rendered":"<p>Comfeel Plus\u2013 Protecci\u00f3n asegurada. Cicatrizaci\u00f3n m\u00e1s r\u00e1pida. Ap\u00f3sitos hidrocoloides para cura h\u00fameda de heridas. Comfeel Plus proporciona los beneficios de una cura h\u00fameda de heridas y brinda protecci\u00f3n para las heridas y la piel en riesgo. *En comparaci\u00f3n con una cura tradicional de heridas. Tama\u00f1os: 10&#215;10 cm, 15&#215;15 cm y 20&#215;20 cm.<\/p>\n","protected":false},"featured_media":5144,"comment_status":"open","ping_status":"closed","template":"","meta":{"_mi_skip_tracking":false,"_monsterinsights_sitenote_active":false,"_monsterinsights_sitenote_note":"","_monsterinsights_sitenote_category":0,"_joinchat":[]},"product_cat":[99],"product_tag":[],"class_list":{"0":"post-5143","1":"product","2":"type-product","3":"status-publish","4":"has-post-thumbnail","6":"product_cat-colostomia-ostomia","8":"first","9":"instock","10":"shipping-taxable","11":"product-type-simple","12":"col-xs-6 col-sm-4","13":"col-md-3 col-lg-2","14":"un-6-cols"},"yoast_head":"<!-- This site is optimized with the Yoast SEO plugin v27.3 - https:\/\/yoast.com\/product\/yoast-seo-wordpress\/ -->\n<title>PARCHE HIDROCOLOIDE COLOPLAST #331100, #331150 Y #331200 - Ortopedia Cono Sur<\/title>\n<meta name=\"robots\" content=\"index, follow, max-snippet:-1, max-image-preview:large, max-video-preview:-1\" \/>\n<link rel=\"canonical\" href=\"https:\/\/ortopedia.conosur.com.ar\/?product=parche-hidrocoloide-coloplast-331100-331150-y-331200\" \/>\n<meta property=\"og:locale\" content=\"es_ES\" \/>\n<meta property=\"og:type\" content=\"article\" \/>\n<meta property=\"og:title\" content=\"PARCHE HIDROCOLOIDE COLOPLAST #331100, #331150 Y #331200 - Ortopedia Cono Sur\" \/>\n<meta property=\"og:description\" content=\"Comfeel Plus\u2013 Protecci\u00f3n asegurada. Cicatrizaci\u00f3n m\u00e1s r\u00e1pida. Ap\u00f3sitos hidrocoloides para cura h\u00fameda de heridas. Comfeel Plus proporciona los beneficios de una cura h\u00fameda de heridas y brinda protecci\u00f3n para las heridas y la piel en riesgo. *En comparaci\u00f3n con una cura tradicional de heridas. Tama\u00f1os: 10x10 cm, 15x15 cm y 20x20 cm.\" \/>\n<meta property=\"og:url\" content=\"https:\/\/ortopedia.conosur.com.ar\/?product=parche-hidrocoloide-coloplast-331100-331150-y-331200\" \/>\n<meta property=\"og:site_name\" content=\"Ortopedia Cono Sur\" \/>\n<meta property=\"article:publisher\" content=\"https:\/\/www.facebook.com\/profile.php?id=100089096634896&amp;rdid=hpB9U31JxL1B13Dy&amp;share_url=httpswww.facebook.comshare1FLohkroxA#\" \/>\n<meta property=\"og:image\" content=\"https:\/\/ortopedia.conosur.com.ar\/wp-content\/uploads\/2026\/01\/Captura-de-pantalla-2026-01-10-100721.png\" \/>\n\t<meta property=\"og:image:width\" content=\"719\" \/>\n\t<meta property=\"og:image:height\" content=\"726\" \/>\n\t<meta property=\"og:image:type\" content=\"image\/png\" \/>\n<meta name=\"twitter:card\" content=\"summary_large_image\" \/>\n<script type=\"application\/ld+json\" class=\"yoast-schema-graph\">{\"@context\":\"https:\\\/\\\/schema.org\",\"@graph\":[{\"@type\":\"WebPage\",\"@id\":\"https:\\\/\\\/ortopedia.conosur.com.ar\\\/?product=parche-hidrocoloide-coloplast-331100-331150-y-331200\",\"url\":\"https:\\\/\\\/ortopedia.conosur.com.ar\\\/?product=parche-hidrocoloide-coloplast-331100-331150-y-331200\",\"name\":\"PARCHE HIDROCOLOIDE COLOPLAST #331100, #331150 Y #331200 - Ortopedia Cono Sur\",\"isPartOf\":{\"@id\":\"https:\\\/\\\/ortopedia.conosur.com.ar\\\/#website\"},\"primaryImageOfPage\":{\"@id\":\"https:\\\/\\\/ortopedia.conosur.com.ar\\\/?product=parche-hidrocoloide-coloplast-331100-331150-y-331200#primaryimage\"},\"image\":{\"@id\":\"https:\\\/\\\/ortopedia.conosur.com.ar\\\/?product=parche-hidrocoloide-coloplast-331100-331150-y-331200#primaryimage\"},\"thumbnailUrl\":\"https:\\\/\\\/ortopedia.conosur.com.ar\\\/wp-content\\\/uploads\\\/2026\\\/01\\\/Captura-de-pantalla-2026-01-10-100721.png\",\"datePublished\":\"2026-01-10T13:11:33+00:00\",\"breadcrumb\":{\"@id\":\"https:\\\/\\\/ortopedia.conosur.com.ar\\\/?product=parche-hidrocoloide-coloplast-331100-331150-y-331200#breadcrumb\"},\"inLanguage\":\"es\",\"potentialAction\":[{\"@type\":\"ReadAction\",\"target\":[\"https:\\\/\\\/ortopedia.conosur.com.ar\\\/?product=parche-hidrocoloide-coloplast-331100-331150-y-331200\"]}]},{\"@type\":\"ImageObject\",\"inLanguage\":\"es\",\"@id\":\"https:\\\/\\\/ortopedia.conosur.com.ar\\\/?product=parche-hidrocoloide-coloplast-331100-331150-y-331200#primaryimage\",\"url\":\"https:\\\/\\\/ortopedia.conosur.com.ar\\\/wp-content\\\/uploads\\\/2026\\\/01\\\/Captura-de-pantalla-2026-01-10-100721.png\",\"contentUrl\":\"https:\\\/\\\/ortopedia.conosur.com.ar\\\/wp-content\\\/uploads\\\/2026\\\/01\\\/Captura-de-pantalla-2026-01-10-100721.png\",\"width\":719,\"height\":726},{\"@type\":\"BreadcrumbList\",\"@id\":\"https:\\\/\\\/ortopedia.conosur.com.ar\\\/?product=parche-hidrocoloide-coloplast-331100-331150-y-331200#breadcrumb\",\"itemListElement\":[{\"@type\":\"ListItem\",\"position\":1,\"name\":\"Portada\",\"item\":\"https:\\\/\\\/ortopedia.conosur.com.ar\\\/\"},{\"@type\":\"ListItem\",\"position\":2,\"name\":\"Ortopedia\",\"item\":\"https:\\\/\\\/ortopedia.conosur.com.ar\\\/?page_id=16\"},{\"@type\":\"ListItem\",\"position\":3,\"name\":\"PARCHE HIDROCOLOIDE COLOPLAST #331100, #331150 Y #331200\"}]},{\"@type\":\"WebSite\",\"@id\":\"https:\\\/\\\/ortopedia.conosur.com.ar\\\/#website\",\"url\":\"https:\\\/\\\/ortopedia.conosur.com.ar\\\/\",\"name\":\"Ortopedia Cono Sur\",\"description\":\"ORTOPEDIA CONO SUR S.A.S.\",\"publisher\":{\"@id\":\"https:\\\/\\\/ortopedia.conosur.com.ar\\\/#organization\"},\"alternateName\":\"Ortopedia Cono Sur\",\"potentialAction\":[{\"@type\":\"SearchAction\",\"target\":{\"@type\":\"EntryPoint\",\"urlTemplate\":\"https:\\\/\\\/ortopedia.conosur.com.ar\\\/?s={search_term_string}\"},\"query-input\":{\"@type\":\"PropertyValueSpecification\",\"valueRequired\":true,\"valueName\":\"search_term_string\"}}],\"inLanguage\":\"es\"},{\"@type\":\"Organization\",\"@id\":\"https:\\\/\\\/ortopedia.conosur.com.ar\\\/#organization\",\"name\":\"Ortopedia Cono Sur\",\"alternateName\":\"Ortopedia Cono Sur\",\"url\":\"https:\\\/\\\/ortopedia.conosur.com.ar\\\/\",\"logo\":{\"@type\":\"ImageObject\",\"inLanguage\":\"es\",\"@id\":\"https:\\\/\\\/ortopedia.conosur.com.ar\\\/#\\\/schema\\\/logo\\\/image\\\/\",\"url\":\"https:\\\/\\\/ortopedia.conosur.com.ar\\\/wp-content\\\/uploads\\\/2026\\\/01\\\/Logos-21.png\",\"contentUrl\":\"https:\\\/\\\/ortopedia.conosur.com.ar\\\/wp-content\\\/uploads\\\/2026\\\/01\\\/Logos-21.png\",\"width\":500,\"height\":500,\"caption\":\"Ortopedia Cono Sur\"},\"image\":{\"@id\":\"https:\\\/\\\/ortopedia.conosur.com.ar\\\/#\\\/schema\\\/logo\\\/image\\\/\"},\"sameAs\":[\"https:\\\/\\\/www.facebook.com\\\/profile.php?id=100089096634896&rdid=hpB9U31JxL1B13Dy&share_url=httpswww.facebook.comshare1FLohkroxA#\",\"https:\\\/\\\/www.instagram.com\\\/cono_sur_ortopedia?igsh=ZWN2ZHIxZnY5Nzdm\"]}]}<\/script>\n<!-- \/ Yoast SEO plugin. -->","yoast_head_json":{"title":"PARCHE HIDROCOLOIDE COLOPLAST #331100, #331150 Y #331200 - Ortopedia Cono Sur","robots":{"index":"index","follow":"follow","max-snippet":"max-snippet:-1","max-image-preview":"max-image-preview:large","max-video-preview":"max-video-preview:-1"},"canonical":"https:\/\/ortopedia.conosur.com.ar\/?product=parche-hidrocoloide-coloplast-331100-331150-y-331200","og_locale":"es_ES","og_type":"article","og_title":"PARCHE HIDROCOLOIDE COLOPLAST #331100, #331150 Y #331200 - Ortopedia Cono Sur","og_description":"Comfeel Plus\u2013 Protecci\u00f3n asegurada. Cicatrizaci\u00f3n m\u00e1s r\u00e1pida. Ap\u00f3sitos hidrocoloides para cura h\u00fameda de heridas. Comfeel Plus proporciona los beneficios de una cura h\u00fameda de heridas y brinda protecci\u00f3n para las heridas y la piel en riesgo. *En comparaci\u00f3n con una cura tradicional de heridas. Tama\u00f1os: 10x10 cm, 15x15 cm y 20x20 cm.","og_url":"https:\/\/ortopedia.conosur.com.ar\/?product=parche-hidrocoloide-coloplast-331100-331150-y-331200","og_site_name":"Ortopedia Cono Sur","article_publisher":"https:\/\/www.facebook.com\/profile.php?id=100089096634896&rdid=hpB9U31JxL1B13Dy&share_url=httpswww.facebook.comshare1FLohkroxA#","og_image":[{"width":719,"height":726,"url":"https:\/\/ortopedia.conosur.com.ar\/wp-content\/uploads\/2026\/01\/Captura-de-pantalla-2026-01-10-100721.png","type":"image\/png"}],"twitter_card":"summary_large_image","schema":{"@context":"https:\/\/schema.org","@graph":[{"@type":"WebPage","@id":"https:\/\/ortopedia.conosur.com.ar\/?product=parche-hidrocoloide-coloplast-331100-331150-y-331200","url":"https:\/\/ortopedia.conosur.com.ar\/?product=parche-hidrocoloide-coloplast-331100-331150-y-331200","name":"PARCHE HIDROCOLOIDE COLOPLAST #331100, #331150 Y #331200 - Ortopedia Cono Sur","isPartOf":{"@id":"https:\/\/ortopedia.conosur.com.ar\/#website"},"primaryImageOfPage":{"@id":"https:\/\/ortopedia.conosur.com.ar\/?product=parche-hidrocoloide-coloplast-331100-331150-y-331200#primaryimage"},"image":{"@id":"https:\/\/ortopedia.conosur.com.ar\/?product=parche-hidrocoloide-coloplast-331100-331150-y-331200#primaryimage"},"thumbnailUrl":"https:\/\/ortopedia.conosur.com.ar\/wp-content\/uploads\/2026\/01\/Captura-de-pantalla-2026-01-10-100721.png","datePublished":"2026-01-10T13:11:33+00:00","breadcrumb":{"@id":"https:\/\/ortopedia.conosur.com.ar\/?product=parche-hidrocoloide-coloplast-331100-331150-y-331200#breadcrumb"},"inLanguage":"es","potentialAction":[{"@type":"ReadAction","target":["https:\/\/ortopedia.conosur.com.ar\/?product=parche-hidrocoloide-coloplast-331100-331150-y-331200"]}]},{"@type":"ImageObject","inLanguage":"es","@id":"https:\/\/ortopedia.conosur.com.ar\/?product=parche-hidrocoloide-coloplast-331100-331150-y-331200#primaryimage","url":"https:\/\/ortopedia.conosur.com.ar\/wp-content\/uploads\/2026\/01\/Captura-de-pantalla-2026-01-10-100721.png","contentUrl":"https:\/\/ortopedia.conosur.com.ar\/wp-content\/uploads\/2026\/01\/Captura-de-pantalla-2026-01-10-100721.png","width":719,"height":726},{"@type":"BreadcrumbList","@id":"https:\/\/ortopedia.conosur.com.ar\/?product=parche-hidrocoloide-coloplast-331100-331150-y-331200#breadcrumb","itemListElement":[{"@type":"ListItem","position":1,"name":"Portada","item":"https:\/\/ortopedia.conosur.com.ar\/"},{"@type":"ListItem","position":2,"name":"Ortopedia","item":"https:\/\/ortopedia.conosur.com.ar\/?page_id=16"},{"@type":"ListItem","position":3,"name":"PARCHE HIDROCOLOIDE COLOPLAST #331100, #331150 Y #331200"}]},{"@type":"WebSite","@id":"https:\/\/ortopedia.conosur.com.ar\/#website","url":"https:\/\/ortopedia.conosur.com.ar\/","name":"Ortopedia Cono Sur","description":"ORTOPEDIA CONO SUR S.A.S.","publisher":{"@id":"https:\/\/ortopedia.conosur.com.ar\/#organization"},"alternateName":"Ortopedia Cono Sur","potentialAction":[{"@type":"SearchAction","target":{"@type":"EntryPoint","urlTemplate":"https:\/\/ortopedia.conosur.com.ar\/?s={search_term_string}"},"query-input":{"@type":"PropertyValueSpecification","valueRequired":true,"valueName":"search_term_string"}}],"inLanguage":"es"},{"@type":"Organization","@id":"https:\/\/ortopedia.conosur.com.ar\/#organization","name":"Ortopedia Cono Sur","alternateName":"Ortopedia Cono Sur","url":"https:\/\/ortopedia.conosur.com.ar\/","logo":{"@type":"ImageObject","inLanguage":"es","@id":"https:\/\/ortopedia.conosur.com.ar\/#\/schema\/logo\/image\/","url":"https:\/\/ortopedia.conosur.com.ar\/wp-content\/uploads\/2026\/01\/Logos-21.png","contentUrl":"https:\/\/ortopedia.conosur.com.ar\/wp-content\/uploads\/2026\/01\/Logos-21.png","width":500,"height":500,"caption":"Ortopedia Cono Sur"},"image":{"@id":"https:\/\/ortopedia.conosur.com.ar\/#\/schema\/logo\/image\/"},"sameAs":["https:\/\/www.facebook.com\/profile.php?id=100089096634896&rdid=hpB9U31JxL1B13Dy&share_url=httpswww.facebook.comshare1FLohkroxA#","https:\/\/www.instagram.com\/cono_sur_ortopedia?igsh=ZWN2ZHIxZnY5Nzdm"]}]}},"_links":{"self":[{"href":"https:\/\/ortopedia.conosur.com.ar\/index.php?rest_route=\/wp\/v2\/product\/5143","targetHints":{"allow":["GET"]}}],"collection":[{"href":"https:\/\/ortopedia.conosur.com.ar\/index.php?rest_route=\/wp\/v2\/product"}],"about":[{"href":"https:\/\/ortopedia.conosur.com.ar\/index.php?rest_route=\/wp\/v2\/types\/product"}],"replies":[{"embeddable":true,"href":"https:\/\/ortopedia.conosur.com.ar\/index.php?rest_route=%2Fwp%2Fv2%2Fcomments&post=5143"}],"wp:featuredmedia":[{"embeddable":true,"href":"https:\/\/ortopedia.conosur.com.ar\/index.php?rest_route=\/wp\/v2\/media\/5144"}],"wp:attachment":[{"href":"https:\/\/ortopedia.conosur.com.ar\/index.php?rest_route=%2Fwp%2Fv2%2Fmedia&parent=5143"}],"wp:term":[{"taxonomy":"product_cat","embeddable":true,"href":"https:\/\/ortopedia.conosur.com.ar\/index.php?rest_route=%2Fwp%2Fv2%2Fproduct_cat&post=5143"},{"taxonomy":"product_tag","embeddable":true,"href":"https:\/\/ortopedia.conosur.com.ar\/index.php?rest_route=%2Fwp%2Fv2%2Fproduct_tag&post=5143"}],"curies":[{"name":"wp","href":"https:\/\/api.w.org\/{rel}","templated":true}]}}