{"id":5242,"date":"2026-01-10T16:06:49","date_gmt":"2026-01-10T19:06:49","guid":{"rendered":"https:\/\/ortopedia.conosur.com.ar\/?post_type=product&#038;p=5242"},"modified":"2026-01-10T16:06:49","modified_gmt":"2026-01-10T19:06:49","slug":"aerocamaras","status":"publish","type":"product","link":"https:\/\/ortopedia.conosur.com.ar\/?product=aerocamaras","title":{"rendered":"AEROC\u00c1MARAS"},"content":{"rendered":"","protected":false},"excerpt":{"rendered":"<p>Las aeroc\u00e1maras SILFAB facilitan la inhalaci\u00f3n de medicamentos administrados a trav\u00e9s de Inhaladores de Dosis Medida (MDI) y mejoran su eficiencia.<\/p>\n<p>\u2022 Sistema bivalvular.<br \/>\n\u2022 V\u00e1lvula inspiratoria de silicona.<br \/>\n\u2022 Adaptable a cualquier inhalador de dosis medida (MDI).<br \/>\n\u2022 Posee alarma de inhalaci\u00f3n excesiva.<br \/>\n\u2022 Incluye adaptador bucal y m\u00e1scara para ni\u00f1os.<br \/>\n\u2022 M\u00e1scara libre de l\u00e1tex.<br \/>\n\u2022 C\u00e1mara con cuerpo cristal y deflector de part\u00edculas.<br \/>\n\u2022 Volumen de la c\u00e1mara: 155ml.<\/p>\n<p>Funcionamiento del sistema bivalvular: Cuando el usuario inhala, se produce la apertura de la v\u00e1lvula inspiradora, mientras que la v\u00e1lvula exhalatoria permanece cerrada. En el momento en que el usuario exhala, las v\u00e1lvulas se comportan inversamente. De esta forma se asegura una efectiva inhalaci\u00f3n del medicamento.<\/p>\n<p>Garant\u00eda Oficial SILFAB 1 A\u00d1O<\/p>\n<p>Producto avalado por ANMAT<\/p>\n<p>Adulto &#8211; Pedi\u00e1trica &#8211; Neonatal<\/p>\n","protected":false},"featured_media":5241,"comment_status":"open","ping_status":"closed","template":"","meta":{"_mi_skip_tracking":false,"_monsterinsights_sitenote_active":false,"_monsterinsights_sitenote_note":"","_monsterinsights_sitenote_category":0,"_joinchat":[]},"product_cat":[106],"product_tag":[],"class_list":{"0":"post-5242","1":"product","2":"type-product","3":"status-publish","4":"has-post-thumbnail","6":"product_cat-aerocamaras","8":"first","9":"instock","10":"shipping-taxable","11":"product-type-simple","12":"col-xs-6 col-sm-4","13":"col-md-3 col-lg-2","14":"un-6-cols"},"yoast_head":"<!-- This site is optimized with the Yoast SEO plugin v27.3 - https:\/\/yoast.com\/product\/yoast-seo-wordpress\/ -->\n<title>AEROC\u00c1MARAS - Ortopedia Cono Sur<\/title>\n<meta name=\"robots\" content=\"index, follow, max-snippet:-1, max-image-preview:large, max-video-preview:-1\" \/>\n<link rel=\"canonical\" href=\"https:\/\/ortopedia.conosur.com.ar\/?product=aerocamaras\" \/>\n<meta property=\"og:locale\" content=\"es_ES\" \/>\n<meta property=\"og:type\" content=\"article\" \/>\n<meta property=\"og:title\" content=\"AEROC\u00c1MARAS - Ortopedia Cono Sur\" \/>\n<meta property=\"og:description\" content=\"Las aeroc\u00e1maras SILFAB facilitan la inhalaci\u00f3n de medicamentos administrados a trav\u00e9s de Inhaladores de Dosis Medida (MDI) y mejoran su eficiencia.  \u2022 Sistema bivalvular. \u2022 V\u00e1lvula inspiratoria de silicona. \u2022 Adaptable a cualquier inhalador de dosis medida (MDI). \u2022 Posee alarma de inhalaci\u00f3n excesiva. \u2022 Incluye adaptador bucal y m\u00e1scara para ni\u00f1os. \u2022 M\u00e1scara libre de l\u00e1tex. \u2022 C\u00e1mara con cuerpo cristal y deflector de part\u00edculas. \u2022 Volumen de la c\u00e1mara: 155ml.  Funcionamiento del sistema bivalvular: Cuando el usuario inhala, se produce la apertura de la v\u00e1lvula inspiradora, mientras que la v\u00e1lvula exhalatoria permanece cerrada. En el momento en que el usuario exhala, las v\u00e1lvulas se comportan inversamente. De esta forma se asegura una efectiva inhalaci\u00f3n del medicamento.  Garant\u00eda Oficial SILFAB 1 A\u00d1O  Producto avalado por ANMAT  Adulto - Pedi\u00e1trica - Neonatal\" \/>\n<meta property=\"og:url\" content=\"https:\/\/ortopedia.conosur.com.ar\/?product=aerocamaras\" \/>\n<meta property=\"og:site_name\" content=\"Ortopedia Cono Sur\" \/>\n<meta property=\"article:publisher\" content=\"https:\/\/www.facebook.com\/profile.php?id=100089096634896&amp;rdid=hpB9U31JxL1B13Dy&amp;share_url=httpswww.facebook.comshare1FLohkroxA#\" \/>\n<meta property=\"og:image\" content=\"https:\/\/ortopedia.conosur.com.ar\/wp-content\/uploads\/2026\/01\/Captura-de-pantalla-2026-01-10-160241.png\" \/>\n\t<meta property=\"og:image:width\" content=\"438\" \/>\n\t<meta property=\"og:image:height\" content=\"309\" \/>\n\t<meta property=\"og:image:type\" content=\"image\/png\" \/>\n<meta name=\"twitter:card\" content=\"summary_large_image\" \/>\n<script type=\"application\/ld+json\" class=\"yoast-schema-graph\">{\"@context\":\"https:\\\/\\\/schema.org\",\"@graph\":[{\"@type\":\"WebPage\",\"@id\":\"https:\\\/\\\/ortopedia.conosur.com.ar\\\/?product=aerocamaras\",\"url\":\"https:\\\/\\\/ortopedia.conosur.com.ar\\\/?product=aerocamaras\",\"name\":\"AEROC\u00c1MARAS - Ortopedia Cono Sur\",\"isPartOf\":{\"@id\":\"https:\\\/\\\/ortopedia.conosur.com.ar\\\/#website\"},\"primaryImageOfPage\":{\"@id\":\"https:\\\/\\\/ortopedia.conosur.com.ar\\\/?product=aerocamaras#primaryimage\"},\"image\":{\"@id\":\"https:\\\/\\\/ortopedia.conosur.com.ar\\\/?product=aerocamaras#primaryimage\"},\"thumbnailUrl\":\"https:\\\/\\\/ortopedia.conosur.com.ar\\\/wp-content\\\/uploads\\\/2026\\\/01\\\/Captura-de-pantalla-2026-01-10-160241.png\",\"datePublished\":\"2026-01-10T19:06:49+00:00\",\"breadcrumb\":{\"@id\":\"https:\\\/\\\/ortopedia.conosur.com.ar\\\/?product=aerocamaras#breadcrumb\"},\"inLanguage\":\"es\",\"potentialAction\":[{\"@type\":\"ReadAction\",\"target\":[\"https:\\\/\\\/ortopedia.conosur.com.ar\\\/?product=aerocamaras\"]}]},{\"@type\":\"ImageObject\",\"inLanguage\":\"es\",\"@id\":\"https:\\\/\\\/ortopedia.conosur.com.ar\\\/?product=aerocamaras#primaryimage\",\"url\":\"https:\\\/\\\/ortopedia.conosur.com.ar\\\/wp-content\\\/uploads\\\/2026\\\/01\\\/Captura-de-pantalla-2026-01-10-160241.png\",\"contentUrl\":\"https:\\\/\\\/ortopedia.conosur.com.ar\\\/wp-content\\\/uploads\\\/2026\\\/01\\\/Captura-de-pantalla-2026-01-10-160241.png\",\"width\":438,\"height\":309},{\"@type\":\"BreadcrumbList\",\"@id\":\"https:\\\/\\\/ortopedia.conosur.com.ar\\\/?product=aerocamaras#breadcrumb\",\"itemListElement\":[{\"@type\":\"ListItem\",\"position\":1,\"name\":\"Portada\",\"item\":\"https:\\\/\\\/ortopedia.conosur.com.ar\\\/\"},{\"@type\":\"ListItem\",\"position\":2,\"name\":\"Ortopedia\",\"item\":\"https:\\\/\\\/ortopedia.conosur.com.ar\\\/?page_id=16\"},{\"@type\":\"ListItem\",\"position\":3,\"name\":\"AEROC\u00c1MARAS\"}]},{\"@type\":\"WebSite\",\"@id\":\"https:\\\/\\\/ortopedia.conosur.com.ar\\\/#website\",\"url\":\"https:\\\/\\\/ortopedia.conosur.com.ar\\\/\",\"name\":\"Ortopedia Cono Sur\",\"description\":\"ORTOPEDIA CONO SUR S.A.S.\",\"publisher\":{\"@id\":\"https:\\\/\\\/ortopedia.conosur.com.ar\\\/#organization\"},\"alternateName\":\"Ortopedia Cono Sur\",\"potentialAction\":[{\"@type\":\"SearchAction\",\"target\":{\"@type\":\"EntryPoint\",\"urlTemplate\":\"https:\\\/\\\/ortopedia.conosur.com.ar\\\/?s={search_term_string}\"},\"query-input\":{\"@type\":\"PropertyValueSpecification\",\"valueRequired\":true,\"valueName\":\"search_term_string\"}}],\"inLanguage\":\"es\"},{\"@type\":\"Organization\",\"@id\":\"https:\\\/\\\/ortopedia.conosur.com.ar\\\/#organization\",\"name\":\"Ortopedia Cono Sur\",\"alternateName\":\"Ortopedia Cono Sur\",\"url\":\"https:\\\/\\\/ortopedia.conosur.com.ar\\\/\",\"logo\":{\"@type\":\"ImageObject\",\"inLanguage\":\"es\",\"@id\":\"https:\\\/\\\/ortopedia.conosur.com.ar\\\/#\\\/schema\\\/logo\\\/image\\\/\",\"url\":\"https:\\\/\\\/ortopedia.conosur.com.ar\\\/wp-content\\\/uploads\\\/2026\\\/01\\\/Logos-21.png\",\"contentUrl\":\"https:\\\/\\\/ortopedia.conosur.com.ar\\\/wp-content\\\/uploads\\\/2026\\\/01\\\/Logos-21.png\",\"width\":500,\"height\":500,\"caption\":\"Ortopedia Cono Sur\"},\"image\":{\"@id\":\"https:\\\/\\\/ortopedia.conosur.com.ar\\\/#\\\/schema\\\/logo\\\/image\\\/\"},\"sameAs\":[\"https:\\\/\\\/www.facebook.com\\\/profile.php?id=100089096634896&rdid=hpB9U31JxL1B13Dy&share_url=httpswww.facebook.comshare1FLohkroxA#\",\"https:\\\/\\\/www.instagram.com\\\/cono_sur_ortopedia?igsh=ZWN2ZHIxZnY5Nzdm\"]}]}<\/script>\n<!-- \/ Yoast SEO plugin. -->","yoast_head_json":{"title":"AEROC\u00c1MARAS - Ortopedia Cono Sur","robots":{"index":"index","follow":"follow","max-snippet":"max-snippet:-1","max-image-preview":"max-image-preview:large","max-video-preview":"max-video-preview:-1"},"canonical":"https:\/\/ortopedia.conosur.com.ar\/?product=aerocamaras","og_locale":"es_ES","og_type":"article","og_title":"AEROC\u00c1MARAS - Ortopedia Cono Sur","og_description":"Las aeroc\u00e1maras SILFAB facilitan la inhalaci\u00f3n de medicamentos administrados a trav\u00e9s de Inhaladores de Dosis Medida (MDI) y mejoran su eficiencia.  \u2022 Sistema bivalvular. \u2022 V\u00e1lvula inspiratoria de silicona. \u2022 Adaptable a cualquier inhalador de dosis medida (MDI). \u2022 Posee alarma de inhalaci\u00f3n excesiva. \u2022 Incluye adaptador bucal y m\u00e1scara para ni\u00f1os. \u2022 M\u00e1scara libre de l\u00e1tex. \u2022 C\u00e1mara con cuerpo cristal y deflector de part\u00edculas. \u2022 Volumen de la c\u00e1mara: 155ml.  Funcionamiento del sistema bivalvular: Cuando el usuario inhala, se produce la apertura de la v\u00e1lvula inspiradora, mientras que la v\u00e1lvula exhalatoria permanece cerrada. En el momento en que el usuario exhala, las v\u00e1lvulas se comportan inversamente. De esta forma se asegura una efectiva inhalaci\u00f3n del medicamento.  Garant\u00eda Oficial SILFAB 1 A\u00d1O  Producto avalado por ANMAT  Adulto - Pedi\u00e1trica - Neonatal","og_url":"https:\/\/ortopedia.conosur.com.ar\/?product=aerocamaras","og_site_name":"Ortopedia Cono Sur","article_publisher":"https:\/\/www.facebook.com\/profile.php?id=100089096634896&rdid=hpB9U31JxL1B13Dy&share_url=httpswww.facebook.comshare1FLohkroxA#","og_image":[{"width":438,"height":309,"url":"https:\/\/ortopedia.conosur.com.ar\/wp-content\/uploads\/2026\/01\/Captura-de-pantalla-2026-01-10-160241.png","type":"image\/png"}],"twitter_card":"summary_large_image","schema":{"@context":"https:\/\/schema.org","@graph":[{"@type":"WebPage","@id":"https:\/\/ortopedia.conosur.com.ar\/?product=aerocamaras","url":"https:\/\/ortopedia.conosur.com.ar\/?product=aerocamaras","name":"AEROC\u00c1MARAS - Ortopedia Cono Sur","isPartOf":{"@id":"https:\/\/ortopedia.conosur.com.ar\/#website"},"primaryImageOfPage":{"@id":"https:\/\/ortopedia.conosur.com.ar\/?product=aerocamaras#primaryimage"},"image":{"@id":"https:\/\/ortopedia.conosur.com.ar\/?product=aerocamaras#primaryimage"},"thumbnailUrl":"https:\/\/ortopedia.conosur.com.ar\/wp-content\/uploads\/2026\/01\/Captura-de-pantalla-2026-01-10-160241.png","datePublished":"2026-01-10T19:06:49+00:00","breadcrumb":{"@id":"https:\/\/ortopedia.conosur.com.ar\/?product=aerocamaras#breadcrumb"},"inLanguage":"es","potentialAction":[{"@type":"ReadAction","target":["https:\/\/ortopedia.conosur.com.ar\/?product=aerocamaras"]}]},{"@type":"ImageObject","inLanguage":"es","@id":"https:\/\/ortopedia.conosur.com.ar\/?product=aerocamaras#primaryimage","url":"https:\/\/ortopedia.conosur.com.ar\/wp-content\/uploads\/2026\/01\/Captura-de-pantalla-2026-01-10-160241.png","contentUrl":"https:\/\/ortopedia.conosur.com.ar\/wp-content\/uploads\/2026\/01\/Captura-de-pantalla-2026-01-10-160241.png","width":438,"height":309},{"@type":"BreadcrumbList","@id":"https:\/\/ortopedia.conosur.com.ar\/?product=aerocamaras#breadcrumb","itemListElement":[{"@type":"ListItem","position":1,"name":"Portada","item":"https:\/\/ortopedia.conosur.com.ar\/"},{"@type":"ListItem","position":2,"name":"Ortopedia","item":"https:\/\/ortopedia.conosur.com.ar\/?page_id=16"},{"@type":"ListItem","position":3,"name":"AEROC\u00c1MARAS"}]},{"@type":"WebSite","@id":"https:\/\/ortopedia.conosur.com.ar\/#website","url":"https:\/\/ortopedia.conosur.com.ar\/","name":"Ortopedia Cono Sur","description":"ORTOPEDIA CONO SUR S.A.S.","publisher":{"@id":"https:\/\/ortopedia.conosur.com.ar\/#organization"},"alternateName":"Ortopedia Cono Sur","potentialAction":[{"@type":"SearchAction","target":{"@type":"EntryPoint","urlTemplate":"https:\/\/ortopedia.conosur.com.ar\/?s={search_term_string}"},"query-input":{"@type":"PropertyValueSpecification","valueRequired":true,"valueName":"search_term_string"}}],"inLanguage":"es"},{"@type":"Organization","@id":"https:\/\/ortopedia.conosur.com.ar\/#organization","name":"Ortopedia Cono Sur","alternateName":"Ortopedia Cono Sur","url":"https:\/\/ortopedia.conosur.com.ar\/","logo":{"@type":"ImageObject","inLanguage":"es","@id":"https:\/\/ortopedia.conosur.com.ar\/#\/schema\/logo\/image\/","url":"https:\/\/ortopedia.conosur.com.ar\/wp-content\/uploads\/2026\/01\/Logos-21.png","contentUrl":"https:\/\/ortopedia.conosur.com.ar\/wp-content\/uploads\/2026\/01\/Logos-21.png","width":500,"height":500,"caption":"Ortopedia Cono Sur"},"image":{"@id":"https:\/\/ortopedia.conosur.com.ar\/#\/schema\/logo\/image\/"},"sameAs":["https:\/\/www.facebook.com\/profile.php?id=100089096634896&rdid=hpB9U31JxL1B13Dy&share_url=httpswww.facebook.comshare1FLohkroxA#","https:\/\/www.instagram.com\/cono_sur_ortopedia?igsh=ZWN2ZHIxZnY5Nzdm"]}]}},"_links":{"self":[{"href":"https:\/\/ortopedia.conosur.com.ar\/index.php?rest_route=\/wp\/v2\/product\/5242","targetHints":{"allow":["GET"]}}],"collection":[{"href":"https:\/\/ortopedia.conosur.com.ar\/index.php?rest_route=\/wp\/v2\/product"}],"about":[{"href":"https:\/\/ortopedia.conosur.com.ar\/index.php?rest_route=\/wp\/v2\/types\/product"}],"replies":[{"embeddable":true,"href":"https:\/\/ortopedia.conosur.com.ar\/index.php?rest_route=%2Fwp%2Fv2%2Fcomments&post=5242"}],"wp:featuredmedia":[{"embeddable":true,"href":"https:\/\/ortopedia.conosur.com.ar\/index.php?rest_route=\/wp\/v2\/media\/5241"}],"wp:attachment":[{"href":"https:\/\/ortopedia.conosur.com.ar\/index.php?rest_route=%2Fwp%2Fv2%2Fmedia&parent=5242"}],"wp:term":[{"taxonomy":"product_cat","embeddable":true,"href":"https:\/\/ortopedia.conosur.com.ar\/index.php?rest_route=%2Fwp%2Fv2%2Fproduct_cat&post=5242"},{"taxonomy":"product_tag","embeddable":true,"href":"https:\/\/ortopedia.conosur.com.ar\/index.php?rest_route=%2Fwp%2Fv2%2Fproduct_tag&post=5242"}],"curies":[{"name":"wp","href":"https:\/\/api.w.org\/{rel}","templated":true}]}}