{"id":5259,"date":"2026-01-10T17:08:48","date_gmt":"2026-01-10T20:08:48","guid":{"rendered":"https:\/\/ortopedia.conosur.com.ar\/?post_type=product&#038;p=5259"},"modified":"2026-01-10T17:08:48","modified_gmt":"2026-01-10T20:08:48","slug":"venda-ovata-de-algodon","status":"publish","type":"product","link":"https:\/\/ortopedia.conosur.com.ar\/?product=venda-ovata-de-algodon","title":{"rendered":"VENDA OVATA DE ALGOD\u00d3N"},"content":{"rendered":"","protected":false},"excerpt":{"rendered":"<p>Confeccionada con blouse de algod\u00f3n crudo 100 %. Las vendas ovatas poseen una capa de apresto en sus dos fases permitiendo el desdoblamiento de la venda si el ortopedista lo requiere, ofreciendo el doble de rendimiento. Est\u00e1 indicado como acolchonamiento y protecci\u00f3n debido a la rigidez del enyesado. Debe utilizarse sobre una malla tubular o vendaje en la piel del paciente. Las vendas ovata vienen envueltas en envases de polipropileno m\u00e1s polietileno en forma individual y a la vez en contenedores de cart\u00f3n.<\/p>\n<p>Tama\u00f1os: 10cm, 15cm y 20cm<\/p>\n","protected":false},"featured_media":5260,"comment_status":"open","ping_status":"closed","template":"","meta":{"_mi_skip_tracking":false,"_monsterinsights_sitenote_active":false,"_monsterinsights_sitenote_note":"","_monsterinsights_sitenote_category":0,"_joinchat":[]},"product_cat":[108],"product_tag":[],"class_list":{"0":"post-5259","1":"product","2":"type-product","3":"status-publish","4":"has-post-thumbnail","6":"product_cat-vendas","8":"first","9":"instock","10":"shipping-taxable","11":"product-type-simple","12":"col-xs-6 col-sm-4","13":"col-md-3 col-lg-2","14":"un-6-cols"},"yoast_head":"<!-- This site is optimized with the Yoast SEO plugin v27.3 - https:\/\/yoast.com\/product\/yoast-seo-wordpress\/ -->\n<title>VENDA OVATA DE ALGOD\u00d3N - Ortopedia Cono Sur<\/title>\n<meta name=\"robots\" content=\"index, follow, max-snippet:-1, max-image-preview:large, max-video-preview:-1\" \/>\n<link rel=\"canonical\" href=\"https:\/\/ortopedia.conosur.com.ar\/?product=venda-ovata-de-algodon\" \/>\n<meta property=\"og:locale\" content=\"es_ES\" \/>\n<meta property=\"og:type\" content=\"article\" \/>\n<meta property=\"og:title\" content=\"VENDA OVATA DE ALGOD\u00d3N - Ortopedia Cono Sur\" \/>\n<meta property=\"og:description\" content=\"Confeccionada con blouse de algod\u00f3n crudo 100 %. Las vendas ovatas poseen una capa de apresto en sus dos fases permitiendo el desdoblamiento de la venda si el ortopedista lo requiere, ofreciendo el doble de rendimiento. Est\u00e1 indicado como acolchonamiento y protecci\u00f3n debido a la rigidez del enyesado. Debe utilizarse sobre una malla tubular o vendaje en la piel del paciente. Las vendas ovata vienen envueltas en envases de polipropileno m\u00e1s polietileno en forma individual y a la vez en contenedores de cart\u00f3n.  Tama\u00f1os: 10cm, 15cm y 20cm\" \/>\n<meta property=\"og:url\" content=\"https:\/\/ortopedia.conosur.com.ar\/?product=venda-ovata-de-algodon\" \/>\n<meta property=\"og:site_name\" content=\"Ortopedia Cono Sur\" \/>\n<meta property=\"article:publisher\" content=\"https:\/\/www.facebook.com\/profile.php?id=100089096634896&amp;rdid=hpB9U31JxL1B13Dy&amp;share_url=httpswww.facebook.comshare1FLohkroxA#\" \/>\n<meta property=\"og:image\" content=\"https:\/\/ortopedia.conosur.com.ar\/wp-content\/uploads\/2026\/01\/Captura-de-pantalla-2026-01-10-170420.png\" \/>\n\t<meta property=\"og:image:width\" content=\"418\" \/>\n\t<meta property=\"og:image:height\" content=\"362\" \/>\n\t<meta property=\"og:image:type\" content=\"image\/png\" \/>\n<meta name=\"twitter:card\" content=\"summary_large_image\" \/>\n<script type=\"application\/ld+json\" class=\"yoast-schema-graph\">{\"@context\":\"https:\\\/\\\/schema.org\",\"@graph\":[{\"@type\":\"WebPage\",\"@id\":\"https:\\\/\\\/ortopedia.conosur.com.ar\\\/?product=venda-ovata-de-algodon\",\"url\":\"https:\\\/\\\/ortopedia.conosur.com.ar\\\/?product=venda-ovata-de-algodon\",\"name\":\"VENDA OVATA DE ALGOD\u00d3N - Ortopedia Cono Sur\",\"isPartOf\":{\"@id\":\"https:\\\/\\\/ortopedia.conosur.com.ar\\\/#website\"},\"primaryImageOfPage\":{\"@id\":\"https:\\\/\\\/ortopedia.conosur.com.ar\\\/?product=venda-ovata-de-algodon#primaryimage\"},\"image\":{\"@id\":\"https:\\\/\\\/ortopedia.conosur.com.ar\\\/?product=venda-ovata-de-algodon#primaryimage\"},\"thumbnailUrl\":\"https:\\\/\\\/ortopedia.conosur.com.ar\\\/wp-content\\\/uploads\\\/2026\\\/01\\\/Captura-de-pantalla-2026-01-10-170420.png\",\"datePublished\":\"2026-01-10T20:08:48+00:00\",\"breadcrumb\":{\"@id\":\"https:\\\/\\\/ortopedia.conosur.com.ar\\\/?product=venda-ovata-de-algodon#breadcrumb\"},\"inLanguage\":\"es\",\"potentialAction\":[{\"@type\":\"ReadAction\",\"target\":[\"https:\\\/\\\/ortopedia.conosur.com.ar\\\/?product=venda-ovata-de-algodon\"]}]},{\"@type\":\"ImageObject\",\"inLanguage\":\"es\",\"@id\":\"https:\\\/\\\/ortopedia.conosur.com.ar\\\/?product=venda-ovata-de-algodon#primaryimage\",\"url\":\"https:\\\/\\\/ortopedia.conosur.com.ar\\\/wp-content\\\/uploads\\\/2026\\\/01\\\/Captura-de-pantalla-2026-01-10-170420.png\",\"contentUrl\":\"https:\\\/\\\/ortopedia.conosur.com.ar\\\/wp-content\\\/uploads\\\/2026\\\/01\\\/Captura-de-pantalla-2026-01-10-170420.png\",\"width\":418,\"height\":362},{\"@type\":\"BreadcrumbList\",\"@id\":\"https:\\\/\\\/ortopedia.conosur.com.ar\\\/?product=venda-ovata-de-algodon#breadcrumb\",\"itemListElement\":[{\"@type\":\"ListItem\",\"position\":1,\"name\":\"Portada\",\"item\":\"https:\\\/\\\/ortopedia.conosur.com.ar\\\/\"},{\"@type\":\"ListItem\",\"position\":2,\"name\":\"Ortopedia\",\"item\":\"https:\\\/\\\/ortopedia.conosur.com.ar\\\/?page_id=16\"},{\"@type\":\"ListItem\",\"position\":3,\"name\":\"VENDA OVATA DE ALGOD\u00d3N\"}]},{\"@type\":\"WebSite\",\"@id\":\"https:\\\/\\\/ortopedia.conosur.com.ar\\\/#website\",\"url\":\"https:\\\/\\\/ortopedia.conosur.com.ar\\\/\",\"name\":\"Ortopedia Cono Sur\",\"description\":\"ORTOPEDIA CONO SUR S.A.S.\",\"publisher\":{\"@id\":\"https:\\\/\\\/ortopedia.conosur.com.ar\\\/#organization\"},\"alternateName\":\"Ortopedia Cono Sur\",\"potentialAction\":[{\"@type\":\"SearchAction\",\"target\":{\"@type\":\"EntryPoint\",\"urlTemplate\":\"https:\\\/\\\/ortopedia.conosur.com.ar\\\/?s={search_term_string}\"},\"query-input\":{\"@type\":\"PropertyValueSpecification\",\"valueRequired\":true,\"valueName\":\"search_term_string\"}}],\"inLanguage\":\"es\"},{\"@type\":\"Organization\",\"@id\":\"https:\\\/\\\/ortopedia.conosur.com.ar\\\/#organization\",\"name\":\"Ortopedia Cono Sur\",\"alternateName\":\"Ortopedia Cono Sur\",\"url\":\"https:\\\/\\\/ortopedia.conosur.com.ar\\\/\",\"logo\":{\"@type\":\"ImageObject\",\"inLanguage\":\"es\",\"@id\":\"https:\\\/\\\/ortopedia.conosur.com.ar\\\/#\\\/schema\\\/logo\\\/image\\\/\",\"url\":\"https:\\\/\\\/ortopedia.conosur.com.ar\\\/wp-content\\\/uploads\\\/2026\\\/01\\\/Logos-21.png\",\"contentUrl\":\"https:\\\/\\\/ortopedia.conosur.com.ar\\\/wp-content\\\/uploads\\\/2026\\\/01\\\/Logos-21.png\",\"width\":500,\"height\":500,\"caption\":\"Ortopedia Cono Sur\"},\"image\":{\"@id\":\"https:\\\/\\\/ortopedia.conosur.com.ar\\\/#\\\/schema\\\/logo\\\/image\\\/\"},\"sameAs\":[\"https:\\\/\\\/www.facebook.com\\\/profile.php?id=100089096634896&rdid=hpB9U31JxL1B13Dy&share_url=httpswww.facebook.comshare1FLohkroxA#\",\"https:\\\/\\\/www.instagram.com\\\/cono_sur_ortopedia?igsh=ZWN2ZHIxZnY5Nzdm\"]}]}<\/script>\n<!-- \/ Yoast SEO plugin. -->","yoast_head_json":{"title":"VENDA OVATA DE ALGOD\u00d3N - Ortopedia Cono Sur","robots":{"index":"index","follow":"follow","max-snippet":"max-snippet:-1","max-image-preview":"max-image-preview:large","max-video-preview":"max-video-preview:-1"},"canonical":"https:\/\/ortopedia.conosur.com.ar\/?product=venda-ovata-de-algodon","og_locale":"es_ES","og_type":"article","og_title":"VENDA OVATA DE ALGOD\u00d3N - Ortopedia Cono Sur","og_description":"Confeccionada con blouse de algod\u00f3n crudo 100 %. Las vendas ovatas poseen una capa de apresto en sus dos fases permitiendo el desdoblamiento de la venda si el ortopedista lo requiere, ofreciendo el doble de rendimiento. Est\u00e1 indicado como acolchonamiento y protecci\u00f3n debido a la rigidez del enyesado. Debe utilizarse sobre una malla tubular o vendaje en la piel del paciente. Las vendas ovata vienen envueltas en envases de polipropileno m\u00e1s polietileno en forma individual y a la vez en contenedores de cart\u00f3n.  Tama\u00f1os: 10cm, 15cm y 20cm","og_url":"https:\/\/ortopedia.conosur.com.ar\/?product=venda-ovata-de-algodon","og_site_name":"Ortopedia Cono Sur","article_publisher":"https:\/\/www.facebook.com\/profile.php?id=100089096634896&rdid=hpB9U31JxL1B13Dy&share_url=httpswww.facebook.comshare1FLohkroxA#","og_image":[{"width":418,"height":362,"url":"https:\/\/ortopedia.conosur.com.ar\/wp-content\/uploads\/2026\/01\/Captura-de-pantalla-2026-01-10-170420.png","type":"image\/png"}],"twitter_card":"summary_large_image","schema":{"@context":"https:\/\/schema.org","@graph":[{"@type":"WebPage","@id":"https:\/\/ortopedia.conosur.com.ar\/?product=venda-ovata-de-algodon","url":"https:\/\/ortopedia.conosur.com.ar\/?product=venda-ovata-de-algodon","name":"VENDA OVATA DE ALGOD\u00d3N - Ortopedia Cono Sur","isPartOf":{"@id":"https:\/\/ortopedia.conosur.com.ar\/#website"},"primaryImageOfPage":{"@id":"https:\/\/ortopedia.conosur.com.ar\/?product=venda-ovata-de-algodon#primaryimage"},"image":{"@id":"https:\/\/ortopedia.conosur.com.ar\/?product=venda-ovata-de-algodon#primaryimage"},"thumbnailUrl":"https:\/\/ortopedia.conosur.com.ar\/wp-content\/uploads\/2026\/01\/Captura-de-pantalla-2026-01-10-170420.png","datePublished":"2026-01-10T20:08:48+00:00","breadcrumb":{"@id":"https:\/\/ortopedia.conosur.com.ar\/?product=venda-ovata-de-algodon#breadcrumb"},"inLanguage":"es","potentialAction":[{"@type":"ReadAction","target":["https:\/\/ortopedia.conosur.com.ar\/?product=venda-ovata-de-algodon"]}]},{"@type":"ImageObject","inLanguage":"es","@id":"https:\/\/ortopedia.conosur.com.ar\/?product=venda-ovata-de-algodon#primaryimage","url":"https:\/\/ortopedia.conosur.com.ar\/wp-content\/uploads\/2026\/01\/Captura-de-pantalla-2026-01-10-170420.png","contentUrl":"https:\/\/ortopedia.conosur.com.ar\/wp-content\/uploads\/2026\/01\/Captura-de-pantalla-2026-01-10-170420.png","width":418,"height":362},{"@type":"BreadcrumbList","@id":"https:\/\/ortopedia.conosur.com.ar\/?product=venda-ovata-de-algodon#breadcrumb","itemListElement":[{"@type":"ListItem","position":1,"name":"Portada","item":"https:\/\/ortopedia.conosur.com.ar\/"},{"@type":"ListItem","position":2,"name":"Ortopedia","item":"https:\/\/ortopedia.conosur.com.ar\/?page_id=16"},{"@type":"ListItem","position":3,"name":"VENDA OVATA DE ALGOD\u00d3N"}]},{"@type":"WebSite","@id":"https:\/\/ortopedia.conosur.com.ar\/#website","url":"https:\/\/ortopedia.conosur.com.ar\/","name":"Ortopedia Cono Sur","description":"ORTOPEDIA CONO SUR S.A.S.","publisher":{"@id":"https:\/\/ortopedia.conosur.com.ar\/#organization"},"alternateName":"Ortopedia Cono Sur","potentialAction":[{"@type":"SearchAction","target":{"@type":"EntryPoint","urlTemplate":"https:\/\/ortopedia.conosur.com.ar\/?s={search_term_string}"},"query-input":{"@type":"PropertyValueSpecification","valueRequired":true,"valueName":"search_term_string"}}],"inLanguage":"es"},{"@type":"Organization","@id":"https:\/\/ortopedia.conosur.com.ar\/#organization","name":"Ortopedia Cono Sur","alternateName":"Ortopedia Cono Sur","url":"https:\/\/ortopedia.conosur.com.ar\/","logo":{"@type":"ImageObject","inLanguage":"es","@id":"https:\/\/ortopedia.conosur.com.ar\/#\/schema\/logo\/image\/","url":"https:\/\/ortopedia.conosur.com.ar\/wp-content\/uploads\/2026\/01\/Logos-21.png","contentUrl":"https:\/\/ortopedia.conosur.com.ar\/wp-content\/uploads\/2026\/01\/Logos-21.png","width":500,"height":500,"caption":"Ortopedia Cono Sur"},"image":{"@id":"https:\/\/ortopedia.conosur.com.ar\/#\/schema\/logo\/image\/"},"sameAs":["https:\/\/www.facebook.com\/profile.php?id=100089096634896&rdid=hpB9U31JxL1B13Dy&share_url=httpswww.facebook.comshare1FLohkroxA#","https:\/\/www.instagram.com\/cono_sur_ortopedia?igsh=ZWN2ZHIxZnY5Nzdm"]}]}},"_links":{"self":[{"href":"https:\/\/ortopedia.conosur.com.ar\/index.php?rest_route=\/wp\/v2\/product\/5259","targetHints":{"allow":["GET"]}}],"collection":[{"href":"https:\/\/ortopedia.conosur.com.ar\/index.php?rest_route=\/wp\/v2\/product"}],"about":[{"href":"https:\/\/ortopedia.conosur.com.ar\/index.php?rest_route=\/wp\/v2\/types\/product"}],"replies":[{"embeddable":true,"href":"https:\/\/ortopedia.conosur.com.ar\/index.php?rest_route=%2Fwp%2Fv2%2Fcomments&post=5259"}],"wp:featuredmedia":[{"embeddable":true,"href":"https:\/\/ortopedia.conosur.com.ar\/index.php?rest_route=\/wp\/v2\/media\/5260"}],"wp:attachment":[{"href":"https:\/\/ortopedia.conosur.com.ar\/index.php?rest_route=%2Fwp%2Fv2%2Fmedia&parent=5259"}],"wp:term":[{"taxonomy":"product_cat","embeddable":true,"href":"https:\/\/ortopedia.conosur.com.ar\/index.php?rest_route=%2Fwp%2Fv2%2Fproduct_cat&post=5259"},{"taxonomy":"product_tag","embeddable":true,"href":"https:\/\/ortopedia.conosur.com.ar\/index.php?rest_route=%2Fwp%2Fv2%2Fproduct_tag&post=5259"}],"curies":[{"name":"wp","href":"https:\/\/api.w.org\/{rel}","templated":true}]}}