{"id":5262,"date":"2026-01-10T17:09:38","date_gmt":"2026-01-10T20:09:38","guid":{"rendered":"https:\/\/ortopedia.conosur.com.ar\/?post_type=product&#038;p=5262"},"modified":"2026-01-10T17:09:38","modified_gmt":"2026-01-10T20:09:38","slug":"cinta-de-tela-adhesiva","status":"publish","type":"product","link":"https:\/\/ortopedia.conosur.com.ar\/?product=cinta-de-tela-adhesiva","title":{"rendered":"CINTA DE TELA ADHESIVA"},"content":{"rendered":"","protected":false},"excerpt":{"rendered":"<p>Cinta r\u00edgida de tela adhesiva al \u00f3xido de zinc.<br \/>\nHipoalerg\u00e9nica, aprobada por ANMAT.<br \/>\nF\u00e1cil de cortar con las manos.<br \/>\nPresentaci\u00f3n 4.5 mts de largo.<\/p>\n<p>Su excelente calidad genera que sea muy utilizada en el \u00e1mbito deportivo.<br \/>\nPromediando una opci\u00f3n accesible econ\u00f3micamente y de buena calidad, la marca Soluthel desarrolla cintas hospitalarias elegidas para uso deportivo y medicinal.<\/p>\n","protected":false},"featured_media":5263,"comment_status":"open","ping_status":"closed","template":"","meta":{"_mi_skip_tracking":false,"_monsterinsights_sitenote_active":false,"_monsterinsights_sitenote_note":"","_monsterinsights_sitenote_category":0,"_joinchat":[]},"product_cat":[108],"product_tag":[],"class_list":{"0":"post-5262","1":"product","2":"type-product","3":"status-publish","4":"has-post-thumbnail","6":"product_cat-vendas","8":"first","9":"instock","10":"shipping-taxable","11":"product-type-simple","12":"col-xs-6 col-sm-4","13":"col-md-3 col-lg-2","14":"un-6-cols"},"yoast_head":"<!-- This site is optimized with the Yoast SEO plugin v27.3 - https:\/\/yoast.com\/product\/yoast-seo-wordpress\/ -->\n<title>CINTA DE TELA ADHESIVA - Ortopedia Cono Sur<\/title>\n<meta name=\"robots\" content=\"index, follow, max-snippet:-1, max-image-preview:large, max-video-preview:-1\" \/>\n<link rel=\"canonical\" href=\"https:\/\/ortopedia.conosur.com.ar\/?product=cinta-de-tela-adhesiva\" \/>\n<meta property=\"og:locale\" content=\"es_ES\" \/>\n<meta property=\"og:type\" content=\"article\" \/>\n<meta property=\"og:title\" content=\"CINTA DE TELA ADHESIVA - Ortopedia Cono Sur\" \/>\n<meta property=\"og:description\" content=\"Cinta r\u00edgida de tela adhesiva al \u00f3xido de zinc. Hipoalerg\u00e9nica, aprobada por ANMAT. F\u00e1cil de cortar con las manos. Presentaci\u00f3n 4.5 mts de largo.  Su excelente calidad genera que sea muy utilizada en el \u00e1mbito deportivo. Promediando una opci\u00f3n accesible econ\u00f3micamente y de buena calidad, la marca Soluthel desarrolla cintas hospitalarias elegidas para uso deportivo y medicinal.\" \/>\n<meta property=\"og:url\" content=\"https:\/\/ortopedia.conosur.com.ar\/?product=cinta-de-tela-adhesiva\" \/>\n<meta property=\"og:site_name\" content=\"Ortopedia Cono Sur\" \/>\n<meta property=\"article:publisher\" content=\"https:\/\/www.facebook.com\/profile.php?id=100089096634896&amp;rdid=hpB9U31JxL1B13Dy&amp;share_url=httpswww.facebook.comshare1FLohkroxA#\" \/>\n<meta property=\"og:image\" content=\"https:\/\/ortopedia.conosur.com.ar\/wp-content\/uploads\/2026\/01\/Captura-de-pantalla-2026-01-10-170539.png\" \/>\n\t<meta property=\"og:image:width\" content=\"689\" \/>\n\t<meta property=\"og:image:height\" content=\"567\" \/>\n\t<meta property=\"og:image:type\" content=\"image\/png\" \/>\n<meta name=\"twitter:card\" content=\"summary_large_image\" \/>\n<script type=\"application\/ld+json\" class=\"yoast-schema-graph\">{\"@context\":\"https:\\\/\\\/schema.org\",\"@graph\":[{\"@type\":\"WebPage\",\"@id\":\"https:\\\/\\\/ortopedia.conosur.com.ar\\\/?product=cinta-de-tela-adhesiva\",\"url\":\"https:\\\/\\\/ortopedia.conosur.com.ar\\\/?product=cinta-de-tela-adhesiva\",\"name\":\"CINTA DE TELA ADHESIVA - Ortopedia Cono Sur\",\"isPartOf\":{\"@id\":\"https:\\\/\\\/ortopedia.conosur.com.ar\\\/#website\"},\"primaryImageOfPage\":{\"@id\":\"https:\\\/\\\/ortopedia.conosur.com.ar\\\/?product=cinta-de-tela-adhesiva#primaryimage\"},\"image\":{\"@id\":\"https:\\\/\\\/ortopedia.conosur.com.ar\\\/?product=cinta-de-tela-adhesiva#primaryimage\"},\"thumbnailUrl\":\"https:\\\/\\\/ortopedia.conosur.com.ar\\\/wp-content\\\/uploads\\\/2026\\\/01\\\/Captura-de-pantalla-2026-01-10-170539.png\",\"datePublished\":\"2026-01-10T20:09:38+00:00\",\"breadcrumb\":{\"@id\":\"https:\\\/\\\/ortopedia.conosur.com.ar\\\/?product=cinta-de-tela-adhesiva#breadcrumb\"},\"inLanguage\":\"es\",\"potentialAction\":[{\"@type\":\"ReadAction\",\"target\":[\"https:\\\/\\\/ortopedia.conosur.com.ar\\\/?product=cinta-de-tela-adhesiva\"]}]},{\"@type\":\"ImageObject\",\"inLanguage\":\"es\",\"@id\":\"https:\\\/\\\/ortopedia.conosur.com.ar\\\/?product=cinta-de-tela-adhesiva#primaryimage\",\"url\":\"https:\\\/\\\/ortopedia.conosur.com.ar\\\/wp-content\\\/uploads\\\/2026\\\/01\\\/Captura-de-pantalla-2026-01-10-170539.png\",\"contentUrl\":\"https:\\\/\\\/ortopedia.conosur.com.ar\\\/wp-content\\\/uploads\\\/2026\\\/01\\\/Captura-de-pantalla-2026-01-10-170539.png\",\"width\":689,\"height\":567},{\"@type\":\"BreadcrumbList\",\"@id\":\"https:\\\/\\\/ortopedia.conosur.com.ar\\\/?product=cinta-de-tela-adhesiva#breadcrumb\",\"itemListElement\":[{\"@type\":\"ListItem\",\"position\":1,\"name\":\"Portada\",\"item\":\"https:\\\/\\\/ortopedia.conosur.com.ar\\\/\"},{\"@type\":\"ListItem\",\"position\":2,\"name\":\"Ortopedia\",\"item\":\"https:\\\/\\\/ortopedia.conosur.com.ar\\\/?page_id=16\"},{\"@type\":\"ListItem\",\"position\":3,\"name\":\"CINTA DE TELA ADHESIVA\"}]},{\"@type\":\"WebSite\",\"@id\":\"https:\\\/\\\/ortopedia.conosur.com.ar\\\/#website\",\"url\":\"https:\\\/\\\/ortopedia.conosur.com.ar\\\/\",\"name\":\"Ortopedia Cono Sur\",\"description\":\"ORTOPEDIA CONO SUR S.A.S.\",\"publisher\":{\"@id\":\"https:\\\/\\\/ortopedia.conosur.com.ar\\\/#organization\"},\"alternateName\":\"Ortopedia Cono Sur\",\"potentialAction\":[{\"@type\":\"SearchAction\",\"target\":{\"@type\":\"EntryPoint\",\"urlTemplate\":\"https:\\\/\\\/ortopedia.conosur.com.ar\\\/?s={search_term_string}\"},\"query-input\":{\"@type\":\"PropertyValueSpecification\",\"valueRequired\":true,\"valueName\":\"search_term_string\"}}],\"inLanguage\":\"es\"},{\"@type\":\"Organization\",\"@id\":\"https:\\\/\\\/ortopedia.conosur.com.ar\\\/#organization\",\"name\":\"Ortopedia Cono Sur\",\"alternateName\":\"Ortopedia Cono Sur\",\"url\":\"https:\\\/\\\/ortopedia.conosur.com.ar\\\/\",\"logo\":{\"@type\":\"ImageObject\",\"inLanguage\":\"es\",\"@id\":\"https:\\\/\\\/ortopedia.conosur.com.ar\\\/#\\\/schema\\\/logo\\\/image\\\/\",\"url\":\"https:\\\/\\\/ortopedia.conosur.com.ar\\\/wp-content\\\/uploads\\\/2026\\\/01\\\/Logos-21.png\",\"contentUrl\":\"https:\\\/\\\/ortopedia.conosur.com.ar\\\/wp-content\\\/uploads\\\/2026\\\/01\\\/Logos-21.png\",\"width\":500,\"height\":500,\"caption\":\"Ortopedia Cono Sur\"},\"image\":{\"@id\":\"https:\\\/\\\/ortopedia.conosur.com.ar\\\/#\\\/schema\\\/logo\\\/image\\\/\"},\"sameAs\":[\"https:\\\/\\\/www.facebook.com\\\/profile.php?id=100089096634896&rdid=hpB9U31JxL1B13Dy&share_url=httpswww.facebook.comshare1FLohkroxA#\",\"https:\\\/\\\/www.instagram.com\\\/cono_sur_ortopedia?igsh=ZWN2ZHIxZnY5Nzdm\"]}]}<\/script>\n<!-- \/ Yoast SEO plugin. -->","yoast_head_json":{"title":"CINTA DE TELA ADHESIVA - Ortopedia Cono Sur","robots":{"index":"index","follow":"follow","max-snippet":"max-snippet:-1","max-image-preview":"max-image-preview:large","max-video-preview":"max-video-preview:-1"},"canonical":"https:\/\/ortopedia.conosur.com.ar\/?product=cinta-de-tela-adhesiva","og_locale":"es_ES","og_type":"article","og_title":"CINTA DE TELA ADHESIVA - Ortopedia Cono Sur","og_description":"Cinta r\u00edgida de tela adhesiva al \u00f3xido de zinc. Hipoalerg\u00e9nica, aprobada por ANMAT. F\u00e1cil de cortar con las manos. Presentaci\u00f3n 4.5 mts de largo.  Su excelente calidad genera que sea muy utilizada en el \u00e1mbito deportivo. Promediando una opci\u00f3n accesible econ\u00f3micamente y de buena calidad, la marca Soluthel desarrolla cintas hospitalarias elegidas para uso deportivo y medicinal.","og_url":"https:\/\/ortopedia.conosur.com.ar\/?product=cinta-de-tela-adhesiva","og_site_name":"Ortopedia Cono Sur","article_publisher":"https:\/\/www.facebook.com\/profile.php?id=100089096634896&rdid=hpB9U31JxL1B13Dy&share_url=httpswww.facebook.comshare1FLohkroxA#","og_image":[{"width":689,"height":567,"url":"https:\/\/ortopedia.conosur.com.ar\/wp-content\/uploads\/2026\/01\/Captura-de-pantalla-2026-01-10-170539.png","type":"image\/png"}],"twitter_card":"summary_large_image","schema":{"@context":"https:\/\/schema.org","@graph":[{"@type":"WebPage","@id":"https:\/\/ortopedia.conosur.com.ar\/?product=cinta-de-tela-adhesiva","url":"https:\/\/ortopedia.conosur.com.ar\/?product=cinta-de-tela-adhesiva","name":"CINTA DE TELA ADHESIVA - Ortopedia Cono Sur","isPartOf":{"@id":"https:\/\/ortopedia.conosur.com.ar\/#website"},"primaryImageOfPage":{"@id":"https:\/\/ortopedia.conosur.com.ar\/?product=cinta-de-tela-adhesiva#primaryimage"},"image":{"@id":"https:\/\/ortopedia.conosur.com.ar\/?product=cinta-de-tela-adhesiva#primaryimage"},"thumbnailUrl":"https:\/\/ortopedia.conosur.com.ar\/wp-content\/uploads\/2026\/01\/Captura-de-pantalla-2026-01-10-170539.png","datePublished":"2026-01-10T20:09:38+00:00","breadcrumb":{"@id":"https:\/\/ortopedia.conosur.com.ar\/?product=cinta-de-tela-adhesiva#breadcrumb"},"inLanguage":"es","potentialAction":[{"@type":"ReadAction","target":["https:\/\/ortopedia.conosur.com.ar\/?product=cinta-de-tela-adhesiva"]}]},{"@type":"ImageObject","inLanguage":"es","@id":"https:\/\/ortopedia.conosur.com.ar\/?product=cinta-de-tela-adhesiva#primaryimage","url":"https:\/\/ortopedia.conosur.com.ar\/wp-content\/uploads\/2026\/01\/Captura-de-pantalla-2026-01-10-170539.png","contentUrl":"https:\/\/ortopedia.conosur.com.ar\/wp-content\/uploads\/2026\/01\/Captura-de-pantalla-2026-01-10-170539.png","width":689,"height":567},{"@type":"BreadcrumbList","@id":"https:\/\/ortopedia.conosur.com.ar\/?product=cinta-de-tela-adhesiva#breadcrumb","itemListElement":[{"@type":"ListItem","position":1,"name":"Portada","item":"https:\/\/ortopedia.conosur.com.ar\/"},{"@type":"ListItem","position":2,"name":"Ortopedia","item":"https:\/\/ortopedia.conosur.com.ar\/?page_id=16"},{"@type":"ListItem","position":3,"name":"CINTA DE TELA ADHESIVA"}]},{"@type":"WebSite","@id":"https:\/\/ortopedia.conosur.com.ar\/#website","url":"https:\/\/ortopedia.conosur.com.ar\/","name":"Ortopedia Cono Sur","description":"ORTOPEDIA CONO SUR S.A.S.","publisher":{"@id":"https:\/\/ortopedia.conosur.com.ar\/#organization"},"alternateName":"Ortopedia Cono Sur","potentialAction":[{"@type":"SearchAction","target":{"@type":"EntryPoint","urlTemplate":"https:\/\/ortopedia.conosur.com.ar\/?s={search_term_string}"},"query-input":{"@type":"PropertyValueSpecification","valueRequired":true,"valueName":"search_term_string"}}],"inLanguage":"es"},{"@type":"Organization","@id":"https:\/\/ortopedia.conosur.com.ar\/#organization","name":"Ortopedia Cono Sur","alternateName":"Ortopedia Cono Sur","url":"https:\/\/ortopedia.conosur.com.ar\/","logo":{"@type":"ImageObject","inLanguage":"es","@id":"https:\/\/ortopedia.conosur.com.ar\/#\/schema\/logo\/image\/","url":"https:\/\/ortopedia.conosur.com.ar\/wp-content\/uploads\/2026\/01\/Logos-21.png","contentUrl":"https:\/\/ortopedia.conosur.com.ar\/wp-content\/uploads\/2026\/01\/Logos-21.png","width":500,"height":500,"caption":"Ortopedia Cono Sur"},"image":{"@id":"https:\/\/ortopedia.conosur.com.ar\/#\/schema\/logo\/image\/"},"sameAs":["https:\/\/www.facebook.com\/profile.php?id=100089096634896&rdid=hpB9U31JxL1B13Dy&share_url=httpswww.facebook.comshare1FLohkroxA#","https:\/\/www.instagram.com\/cono_sur_ortopedia?igsh=ZWN2ZHIxZnY5Nzdm"]}]}},"_links":{"self":[{"href":"https:\/\/ortopedia.conosur.com.ar\/index.php?rest_route=\/wp\/v2\/product\/5262","targetHints":{"allow":["GET"]}}],"collection":[{"href":"https:\/\/ortopedia.conosur.com.ar\/index.php?rest_route=\/wp\/v2\/product"}],"about":[{"href":"https:\/\/ortopedia.conosur.com.ar\/index.php?rest_route=\/wp\/v2\/types\/product"}],"replies":[{"embeddable":true,"href":"https:\/\/ortopedia.conosur.com.ar\/index.php?rest_route=%2Fwp%2Fv2%2Fcomments&post=5262"}],"wp:featuredmedia":[{"embeddable":true,"href":"https:\/\/ortopedia.conosur.com.ar\/index.php?rest_route=\/wp\/v2\/media\/5263"}],"wp:attachment":[{"href":"https:\/\/ortopedia.conosur.com.ar\/index.php?rest_route=%2Fwp%2Fv2%2Fmedia&parent=5262"}],"wp:term":[{"taxonomy":"product_cat","embeddable":true,"href":"https:\/\/ortopedia.conosur.com.ar\/index.php?rest_route=%2Fwp%2Fv2%2Fproduct_cat&post=5262"},{"taxonomy":"product_tag","embeddable":true,"href":"https:\/\/ortopedia.conosur.com.ar\/index.php?rest_route=%2Fwp%2Fv2%2Fproduct_tag&post=5262"}],"curies":[{"name":"wp","href":"https:\/\/api.w.org\/{rel}","templated":true}]}}