{"id":5345,"date":"2026-01-10T18:57:08","date_gmt":"2026-01-10T21:57:08","guid":{"rendered":"https:\/\/ortopedia.conosur.com.ar\/?post_type=product&#038;p=5345"},"modified":"2026-01-10T18:57:08","modified_gmt":"2026-01-10T21:57:08","slug":"alicate-para-cuticula","status":"publish","type":"product","link":"https:\/\/ortopedia.conosur.com.ar\/?product=alicate-para-cuticula","title":{"rendered":"ALICATE PARA CUT\u00cdCULA"},"content":{"rendered":"","protected":false},"excerpt":{"rendered":"<p>Este alicate, fabricado en acero inoxidable, destaca por su durabilidad y resistencia, asegurando un uso prolongado y eficiente. Su dise\u00f1o ergon\u00f3mico no solo proporciona un manejo c\u00f3modo, sino que tambi\u00e9n permite una precisi\u00f3n excepcional al eliminar cut\u00edculas, garantizando un acabado profesional en la comodidad de tu hogar. Con un acabado en color plateado, este cortacut\u00edculas combina funcionalidad y estilo. Ideal para quienes buscan mantener sus u\u00f1as impecables, este modelo A600 es perfecto para uso personal o profesional<\/p>\n","protected":false},"featured_media":5346,"comment_status":"open","ping_status":"closed","template":"","meta":{"_mi_skip_tracking":false,"_monsterinsights_sitenote_active":false,"_monsterinsights_sitenote_note":"","_monsterinsights_sitenote_category":0,"_joinchat":[]},"product_cat":[114],"product_tag":[],"class_list":{"0":"post-5345","1":"product","2":"type-product","3":"status-publish","4":"has-post-thumbnail","6":"product_cat-pinza-corta-unas","8":"first","9":"instock","10":"shipping-taxable","11":"product-type-simple","12":"col-xs-6 col-sm-4","13":"col-md-3 col-lg-2","14":"un-6-cols"},"yoast_head":"<!-- This site is optimized with the Yoast SEO plugin v27.3 - https:\/\/yoast.com\/product\/yoast-seo-wordpress\/ -->\n<title>ALICATE PARA CUT\u00cdCULA - Ortopedia Cono Sur<\/title>\n<meta name=\"robots\" content=\"index, follow, max-snippet:-1, max-image-preview:large, max-video-preview:-1\" \/>\n<link rel=\"canonical\" href=\"https:\/\/ortopedia.conosur.com.ar\/?product=alicate-para-cuticula\" \/>\n<meta property=\"og:locale\" content=\"es_ES\" \/>\n<meta property=\"og:type\" content=\"article\" \/>\n<meta property=\"og:title\" content=\"ALICATE PARA CUT\u00cdCULA - Ortopedia Cono Sur\" \/>\n<meta property=\"og:description\" content=\"Este alicate, fabricado en acero inoxidable, destaca por su durabilidad y resistencia, asegurando un uso prolongado y eficiente. Su dise\u00f1o ergon\u00f3mico no solo proporciona un manejo c\u00f3modo, sino que tambi\u00e9n permite una precisi\u00f3n excepcional al eliminar cut\u00edculas, garantizando un acabado profesional en la comodidad de tu hogar. Con un acabado en color plateado, este cortacut\u00edculas combina funcionalidad y estilo. Ideal para quienes buscan mantener sus u\u00f1as impecables, este modelo A600 es perfecto para uso personal o profesional\" \/>\n<meta property=\"og:url\" content=\"https:\/\/ortopedia.conosur.com.ar\/?product=alicate-para-cuticula\" \/>\n<meta property=\"og:site_name\" content=\"Ortopedia Cono Sur\" \/>\n<meta property=\"article:publisher\" content=\"https:\/\/www.facebook.com\/profile.php?id=100089096634896&amp;rdid=hpB9U31JxL1B13Dy&amp;share_url=httpswww.facebook.comshare1FLohkroxA#\" \/>\n<meta property=\"og:image\" content=\"https:\/\/ortopedia.conosur.com.ar\/wp-content\/uploads\/2026\/01\/Captura-de-pantalla-2026-01-10-185255.png\" \/>\n\t<meta property=\"og:image:width\" content=\"197\" \/>\n\t<meta property=\"og:image:height\" content=\"392\" \/>\n\t<meta property=\"og:image:type\" content=\"image\/png\" \/>\n<meta name=\"twitter:card\" content=\"summary_large_image\" \/>\n<script type=\"application\/ld+json\" class=\"yoast-schema-graph\">{\"@context\":\"https:\\\/\\\/schema.org\",\"@graph\":[{\"@type\":\"WebPage\",\"@id\":\"https:\\\/\\\/ortopedia.conosur.com.ar\\\/?product=alicate-para-cuticula\",\"url\":\"https:\\\/\\\/ortopedia.conosur.com.ar\\\/?product=alicate-para-cuticula\",\"name\":\"ALICATE PARA CUT\u00cdCULA - Ortopedia Cono Sur\",\"isPartOf\":{\"@id\":\"https:\\\/\\\/ortopedia.conosur.com.ar\\\/#website\"},\"primaryImageOfPage\":{\"@id\":\"https:\\\/\\\/ortopedia.conosur.com.ar\\\/?product=alicate-para-cuticula#primaryimage\"},\"image\":{\"@id\":\"https:\\\/\\\/ortopedia.conosur.com.ar\\\/?product=alicate-para-cuticula#primaryimage\"},\"thumbnailUrl\":\"https:\\\/\\\/ortopedia.conosur.com.ar\\\/wp-content\\\/uploads\\\/2026\\\/01\\\/Captura-de-pantalla-2026-01-10-185255.png\",\"datePublished\":\"2026-01-10T21:57:08+00:00\",\"breadcrumb\":{\"@id\":\"https:\\\/\\\/ortopedia.conosur.com.ar\\\/?product=alicate-para-cuticula#breadcrumb\"},\"inLanguage\":\"es\",\"potentialAction\":[{\"@type\":\"ReadAction\",\"target\":[\"https:\\\/\\\/ortopedia.conosur.com.ar\\\/?product=alicate-para-cuticula\"]}]},{\"@type\":\"ImageObject\",\"inLanguage\":\"es\",\"@id\":\"https:\\\/\\\/ortopedia.conosur.com.ar\\\/?product=alicate-para-cuticula#primaryimage\",\"url\":\"https:\\\/\\\/ortopedia.conosur.com.ar\\\/wp-content\\\/uploads\\\/2026\\\/01\\\/Captura-de-pantalla-2026-01-10-185255.png\",\"contentUrl\":\"https:\\\/\\\/ortopedia.conosur.com.ar\\\/wp-content\\\/uploads\\\/2026\\\/01\\\/Captura-de-pantalla-2026-01-10-185255.png\",\"width\":197,\"height\":392},{\"@type\":\"BreadcrumbList\",\"@id\":\"https:\\\/\\\/ortopedia.conosur.com.ar\\\/?product=alicate-para-cuticula#breadcrumb\",\"itemListElement\":[{\"@type\":\"ListItem\",\"position\":1,\"name\":\"Portada\",\"item\":\"https:\\\/\\\/ortopedia.conosur.com.ar\\\/\"},{\"@type\":\"ListItem\",\"position\":2,\"name\":\"Ortopedia\",\"item\":\"https:\\\/\\\/ortopedia.conosur.com.ar\\\/?page_id=16\"},{\"@type\":\"ListItem\",\"position\":3,\"name\":\"ALICATE PARA CUT\u00cdCULA\"}]},{\"@type\":\"WebSite\",\"@id\":\"https:\\\/\\\/ortopedia.conosur.com.ar\\\/#website\",\"url\":\"https:\\\/\\\/ortopedia.conosur.com.ar\\\/\",\"name\":\"Ortopedia Cono Sur\",\"description\":\"ORTOPEDIA CONO SUR S.A.S.\",\"publisher\":{\"@id\":\"https:\\\/\\\/ortopedia.conosur.com.ar\\\/#organization\"},\"alternateName\":\"Ortopedia Cono Sur\",\"potentialAction\":[{\"@type\":\"SearchAction\",\"target\":{\"@type\":\"EntryPoint\",\"urlTemplate\":\"https:\\\/\\\/ortopedia.conosur.com.ar\\\/?s={search_term_string}\"},\"query-input\":{\"@type\":\"PropertyValueSpecification\",\"valueRequired\":true,\"valueName\":\"search_term_string\"}}],\"inLanguage\":\"es\"},{\"@type\":\"Organization\",\"@id\":\"https:\\\/\\\/ortopedia.conosur.com.ar\\\/#organization\",\"name\":\"Ortopedia Cono Sur\",\"alternateName\":\"Ortopedia Cono Sur\",\"url\":\"https:\\\/\\\/ortopedia.conosur.com.ar\\\/\",\"logo\":{\"@type\":\"ImageObject\",\"inLanguage\":\"es\",\"@id\":\"https:\\\/\\\/ortopedia.conosur.com.ar\\\/#\\\/schema\\\/logo\\\/image\\\/\",\"url\":\"https:\\\/\\\/ortopedia.conosur.com.ar\\\/wp-content\\\/uploads\\\/2026\\\/01\\\/Logos-21.png\",\"contentUrl\":\"https:\\\/\\\/ortopedia.conosur.com.ar\\\/wp-content\\\/uploads\\\/2026\\\/01\\\/Logos-21.png\",\"width\":500,\"height\":500,\"caption\":\"Ortopedia Cono Sur\"},\"image\":{\"@id\":\"https:\\\/\\\/ortopedia.conosur.com.ar\\\/#\\\/schema\\\/logo\\\/image\\\/\"},\"sameAs\":[\"https:\\\/\\\/www.facebook.com\\\/profile.php?id=100089096634896&rdid=hpB9U31JxL1B13Dy&share_url=httpswww.facebook.comshare1FLohkroxA#\",\"https:\\\/\\\/www.instagram.com\\\/cono_sur_ortopedia?igsh=ZWN2ZHIxZnY5Nzdm\"]}]}<\/script>\n<!-- \/ Yoast SEO plugin. -->","yoast_head_json":{"title":"ALICATE PARA CUT\u00cdCULA - Ortopedia Cono Sur","robots":{"index":"index","follow":"follow","max-snippet":"max-snippet:-1","max-image-preview":"max-image-preview:large","max-video-preview":"max-video-preview:-1"},"canonical":"https:\/\/ortopedia.conosur.com.ar\/?product=alicate-para-cuticula","og_locale":"es_ES","og_type":"article","og_title":"ALICATE PARA CUT\u00cdCULA - Ortopedia Cono Sur","og_description":"Este alicate, fabricado en acero inoxidable, destaca por su durabilidad y resistencia, asegurando un uso prolongado y eficiente. Su dise\u00f1o ergon\u00f3mico no solo proporciona un manejo c\u00f3modo, sino que tambi\u00e9n permite una precisi\u00f3n excepcional al eliminar cut\u00edculas, garantizando un acabado profesional en la comodidad de tu hogar. Con un acabado en color plateado, este cortacut\u00edculas combina funcionalidad y estilo. Ideal para quienes buscan mantener sus u\u00f1as impecables, este modelo A600 es perfecto para uso personal o profesional","og_url":"https:\/\/ortopedia.conosur.com.ar\/?product=alicate-para-cuticula","og_site_name":"Ortopedia Cono Sur","article_publisher":"https:\/\/www.facebook.com\/profile.php?id=100089096634896&rdid=hpB9U31JxL1B13Dy&share_url=httpswww.facebook.comshare1FLohkroxA#","og_image":[{"width":197,"height":392,"url":"https:\/\/ortopedia.conosur.com.ar\/wp-content\/uploads\/2026\/01\/Captura-de-pantalla-2026-01-10-185255.png","type":"image\/png"}],"twitter_card":"summary_large_image","schema":{"@context":"https:\/\/schema.org","@graph":[{"@type":"WebPage","@id":"https:\/\/ortopedia.conosur.com.ar\/?product=alicate-para-cuticula","url":"https:\/\/ortopedia.conosur.com.ar\/?product=alicate-para-cuticula","name":"ALICATE PARA CUT\u00cdCULA - Ortopedia Cono Sur","isPartOf":{"@id":"https:\/\/ortopedia.conosur.com.ar\/#website"},"primaryImageOfPage":{"@id":"https:\/\/ortopedia.conosur.com.ar\/?product=alicate-para-cuticula#primaryimage"},"image":{"@id":"https:\/\/ortopedia.conosur.com.ar\/?product=alicate-para-cuticula#primaryimage"},"thumbnailUrl":"https:\/\/ortopedia.conosur.com.ar\/wp-content\/uploads\/2026\/01\/Captura-de-pantalla-2026-01-10-185255.png","datePublished":"2026-01-10T21:57:08+00:00","breadcrumb":{"@id":"https:\/\/ortopedia.conosur.com.ar\/?product=alicate-para-cuticula#breadcrumb"},"inLanguage":"es","potentialAction":[{"@type":"ReadAction","target":["https:\/\/ortopedia.conosur.com.ar\/?product=alicate-para-cuticula"]}]},{"@type":"ImageObject","inLanguage":"es","@id":"https:\/\/ortopedia.conosur.com.ar\/?product=alicate-para-cuticula#primaryimage","url":"https:\/\/ortopedia.conosur.com.ar\/wp-content\/uploads\/2026\/01\/Captura-de-pantalla-2026-01-10-185255.png","contentUrl":"https:\/\/ortopedia.conosur.com.ar\/wp-content\/uploads\/2026\/01\/Captura-de-pantalla-2026-01-10-185255.png","width":197,"height":392},{"@type":"BreadcrumbList","@id":"https:\/\/ortopedia.conosur.com.ar\/?product=alicate-para-cuticula#breadcrumb","itemListElement":[{"@type":"ListItem","position":1,"name":"Portada","item":"https:\/\/ortopedia.conosur.com.ar\/"},{"@type":"ListItem","position":2,"name":"Ortopedia","item":"https:\/\/ortopedia.conosur.com.ar\/?page_id=16"},{"@type":"ListItem","position":3,"name":"ALICATE PARA CUT\u00cdCULA"}]},{"@type":"WebSite","@id":"https:\/\/ortopedia.conosur.com.ar\/#website","url":"https:\/\/ortopedia.conosur.com.ar\/","name":"Ortopedia Cono Sur","description":"ORTOPEDIA CONO SUR S.A.S.","publisher":{"@id":"https:\/\/ortopedia.conosur.com.ar\/#organization"},"alternateName":"Ortopedia Cono Sur","potentialAction":[{"@type":"SearchAction","target":{"@type":"EntryPoint","urlTemplate":"https:\/\/ortopedia.conosur.com.ar\/?s={search_term_string}"},"query-input":{"@type":"PropertyValueSpecification","valueRequired":true,"valueName":"search_term_string"}}],"inLanguage":"es"},{"@type":"Organization","@id":"https:\/\/ortopedia.conosur.com.ar\/#organization","name":"Ortopedia Cono Sur","alternateName":"Ortopedia Cono Sur","url":"https:\/\/ortopedia.conosur.com.ar\/","logo":{"@type":"ImageObject","inLanguage":"es","@id":"https:\/\/ortopedia.conosur.com.ar\/#\/schema\/logo\/image\/","url":"https:\/\/ortopedia.conosur.com.ar\/wp-content\/uploads\/2026\/01\/Logos-21.png","contentUrl":"https:\/\/ortopedia.conosur.com.ar\/wp-content\/uploads\/2026\/01\/Logos-21.png","width":500,"height":500,"caption":"Ortopedia Cono Sur"},"image":{"@id":"https:\/\/ortopedia.conosur.com.ar\/#\/schema\/logo\/image\/"},"sameAs":["https:\/\/www.facebook.com\/profile.php?id=100089096634896&rdid=hpB9U31JxL1B13Dy&share_url=httpswww.facebook.comshare1FLohkroxA#","https:\/\/www.instagram.com\/cono_sur_ortopedia?igsh=ZWN2ZHIxZnY5Nzdm"]}]}},"_links":{"self":[{"href":"https:\/\/ortopedia.conosur.com.ar\/index.php?rest_route=\/wp\/v2\/product\/5345","targetHints":{"allow":["GET"]}}],"collection":[{"href":"https:\/\/ortopedia.conosur.com.ar\/index.php?rest_route=\/wp\/v2\/product"}],"about":[{"href":"https:\/\/ortopedia.conosur.com.ar\/index.php?rest_route=\/wp\/v2\/types\/product"}],"replies":[{"embeddable":true,"href":"https:\/\/ortopedia.conosur.com.ar\/index.php?rest_route=%2Fwp%2Fv2%2Fcomments&post=5345"}],"wp:featuredmedia":[{"embeddable":true,"href":"https:\/\/ortopedia.conosur.com.ar\/index.php?rest_route=\/wp\/v2\/media\/5346"}],"wp:attachment":[{"href":"https:\/\/ortopedia.conosur.com.ar\/index.php?rest_route=%2Fwp%2Fv2%2Fmedia&parent=5345"}],"wp:term":[{"taxonomy":"product_cat","embeddable":true,"href":"https:\/\/ortopedia.conosur.com.ar\/index.php?rest_route=%2Fwp%2Fv2%2Fproduct_cat&post=5345"},{"taxonomy":"product_tag","embeddable":true,"href":"https:\/\/ortopedia.conosur.com.ar\/index.php?rest_route=%2Fwp%2Fv2%2Fproduct_tag&post=5345"}],"curies":[{"name":"wp","href":"https:\/\/api.w.org\/{rel}","templated":true}]}}